{"id":987,"date":"2025-08-30T10:48:59","date_gmt":"2025-08-30T08:48:59","guid":{"rendered":"https:\/\/latinstudio.yotipi.fr\/?page_id=987"},"modified":"2026-01-07T16:09:42","modified_gmt":"2026-01-07T15:09:42","slug":"ginger","status":"publish","type":"page","link":"https:\/\/latinstudio.fr\/index.php\/notre-ecole\/lequipe\/ginger\/","title":{"rendered":"Ginger"},"content":{"rendered":"<p>[et_pb_section fb_built=\u00a0\u00bb1&Prime; _builder_version=\u00a0\u00bb4.27.2&Prime; _module_preset=\u00a0\u00bbdefault\u00a0\u00bb global_colors_info=\u00a0\u00bb{}\u00a0\u00bb][et_pb_row column_structure=\u00a0\u00bb1_2,1_2&Prime; _builder_version=\u00a0\u00bb4.17.3&Prime; _module_preset=\u00a0\u00bbdefault\u00a0\u00bb global_colors_info=\u00a0\u00bb{}\u00a0\u00bb][et_pb_column type=\u00a0\u00bb1_2&Prime; _builder_version=\u00a0\u00bb4.17.3&Prime; _module_preset=\u00a0\u00bbdefault\u00a0\u00bb custom_padding_tablet=\u00a0\u00bb80px||||false|false\u00a0\u00bb custom_padding_phone=\u00a0\u00bb0px||||false|false\u00a0\u00bb custom_padding_last_edited=\u00a0\u00bboff|desktop\u00a0\u00bb border_color_all=\u00a0\u00bb#d3d3d3&Prime; border_width_right=\u00a0\u00bb1px\u00a0\u00bb global_colors_info=\u00a0\u00bb{}\u00a0\u00bb][et_pb_text _builder_version=\u00a0\u00bb4.27.4&Prime; _module_preset=\u00a0\u00bbb327cbe4-b1d5-4b66-ad37-40c8f2f061ba\u00a0\u00bb header_2_font=\u00a0\u00bbInter|700|||||||\u00a0\u00bb header_2_text_color=\u00a0\u00bb#000000&Prime; header_2_font_size=\u00a0\u00bb48px\u00a0\u00bb header_2_line_height=\u00a0\u00bb1.2em\u00a0\u00bb custom_margin=\u00a0\u00bb||0px||false|false\u00a0\u00bb header_2_font_size_tablet=\u00a0\u00bb32px\u00a0\u00bb header_2_font_size_phone=\u00a0\u00bb20px\u00a0\u00bb header_2_font_size_last_edited=\u00a0\u00bbon|desktop\u00a0\u00bb global_colors_info=\u00a0\u00bb{}\u00a0\u00bb]<\/p>\n<h2>Ginger<\/h2>\n<p>[\/et_pb_text][et_pb_text _builder_version=\u00a0\u00bb4.27.5&Prime; _module_preset=\u00a0\u00bbdefault\u00a0\u00bb global_colors_info=\u00a0\u00bb{}\u00a0\u00bb]<\/p>\n<p><span style=\"color: #000000;\">Depuis plus de 10 ans, elle enseigne la danse et le Pilates dans des contextes vari\u00e9s : grandes entreprises comme EDF ou BNP, \u00e9coles de danse et cabinets de kin\u00e9sith\u00e9rapie. Ces exp\u00e9riences l\u2019ont profond\u00e9ment enrichie, car elles lui ont appris \u00e0 s\u2019adapter \u00e0 chaque lieu, \u00e0 chaque public, et \u00e0 relever des d\u00e9fis stimulants.<\/span><\/p>\n<p><span style=\"color: #000000;\">Elle participe r\u00e9guli\u00e8rement \u00e0 de grands \u00e9v\u00e9nements de danse fitness, afro et Zumba, parfois devant plus de 300 participants. Ces instants uniques, o\u00f9 l\u2019\u00e9nergie collective fuse et se partage, sont pour elle une v\u00e9ritable source d\u2019inspiration. Chaque sourire, chaque mouvement synchronis\u00e9, chaque moment de d\u00e9passement devient un souffle d\u2019\u00e9nergie qu\u2019elle aime transmettre \u00e0 ses \u00e9l\u00e8ves.<\/span><\/p>\n<p><span style=\"color: #000000;\">Son approche est compl\u00e8te et vivante : elle combine technique, \u00e9nergie, cardio, expression corporelle et relationnel, tout en cultivant le plaisir de bouger. Son objectif est simple mais essentiel : que chacun reparte de ses cours non seulement plus fort physiquement, mais aussi plus confiant, inspir\u00e9 et connect\u00e9 \u00e0 la joie du mouvement.<\/span><\/p>\n<p>[\/et_pb_text][et_pb_text _builder_version=\u00a0\u00bb4.27.4&Prime; _module_preset=\u00a0\u00bb1f09816e-184e-4ce5-a4cf-b39c52c423ca\u00a0\u00bb text_font=\u00a0\u00bbOpen Sans||||||||\u00a0\u00bb text_text_color=\u00a0\u00bb#000000&Prime; text_font_size=\u00a0\u00bb16px\u00a0\u00bb text_line_height=\u00a0\u00bb1.8em\u00a0\u00bb text_font_size_tablet=\u00a0\u00bb15px\u00a0\u00bb text_font_size_phone=\u00a0\u00bb14px\u00a0\u00bb text_font_size_last_edited=\u00a0\u00bbon|phone\u00a0\u00bb header_font_size_tablet=\u00a0\u00bb55px\u00a0\u00bb header_font_size_last_edited=\u00a0\u00bboff|desktop\u00a0\u00bb global_colors_info=\u00a0\u00bb{}\u00a0\u00bb]<\/p>\n<p>Cours:<\/p>\n<ul>\n<li>Pilates: Le dimanche de 10h \u00e0 11h.<\/li>\n<li>Zumba Family Parent\/Enfant: Le dimanche de 11h \u00e0 12h.<\/li>\n<li>Free Dance: Le dimanche de 12h \u00e0 13h.<\/li>\n<\/ul>\n<p>[\/et_pb_text][\/et_pb_column][et_pb_column type=\u00a0\u00bb1_2&Prime; _builder_version=\u00a0\u00bb4.17.3&Prime; _module_preset=\u00a0\u00bbdefault\u00a0\u00bb global_colors_info=\u00a0\u00bb{}\u00a0\u00bb][et_pb_image src=\u00a0\u00bbhttps:\/\/latinstudio.yotipi.fr\/wp-content\/uploads\/2026\/01\/ChatGPT-Image-6-janv.-2026-12_36_14.png\u00a0\u00bb title_text=\u00a0\u00bbGinger\u00a0\u00bb _builder_version=\u00a0\u00bb4.27.5&Prime; _module_preset=\u00a0\u00bbdefault\u00a0\u00bb hover_enabled=\u00a0\u00bb0&Prime; global_colors_info=\u00a0\u00bb{}\u00a0\u00bb sticky_enabled=\u00a0\u00bb0&Prime;][\/et_pb_image][\/et_pb_column][\/et_pb_row][\/et_pb_section]<\/p>\n","protected":false},"excerpt":{"rendered":"<p>GingerDepuis plus de 10 ans, elle enseigne la danse et le Pilates dans des contextes vari\u00e9s : grandes entreprises comme EDF ou BNP, \u00e9coles de danse et cabinets de kin\u00e9sith\u00e9rapie. Ces exp\u00e9riences l\u2019ont profond\u00e9ment enrichie, car elles lui ont appris \u00e0 s\u2019adapter \u00e0 chaque lieu, \u00e0 chaque public, et \u00e0 relever des d\u00e9fis stimulants. Elle [&hellip;]<\/p>\n","protected":false},"author":1,"featured_media":0,"parent":22,"menu_order":0,"comment_status":"closed","ping_status":"closed","template":"","meta":{"_et_pb_use_builder":"on","_et_pb_old_content":"","_et_gb_content_width":"","footnotes":""},"class_list":["post-987","page","type-page","status-publish","hentry"],"_links":{"self":[{"href":"https:\/\/latinstudio.fr\/index.php\/wp-json\/wp\/v2\/pages\/987","targetHints":{"allow":["GET"]}}],"collection":[{"href":"https:\/\/latinstudio.fr\/index.php\/wp-json\/wp\/v2\/pages"}],"about":[{"href":"https:\/\/latinstudio.fr\/index.php\/wp-json\/wp\/v2\/types\/page"}],"author":[{"embeddable":true,"href":"https:\/\/latinstudio.fr\/index.php\/wp-json\/wp\/v2\/users\/1"}],"replies":[{"embeddable":true,"href":"https:\/\/latinstudio.fr\/index.php\/wp-json\/wp\/v2\/comments?post=987"}],"version-history":[{"count":5,"href":"https:\/\/latinstudio.fr\/index.php\/wp-json\/wp\/v2\/pages\/987\/revisions"}],"predecessor-version":[{"id":1114,"href":"https:\/\/latinstudio.fr\/index.php\/wp-json\/wp\/v2\/pages\/987\/revisions\/1114"}],"up":[{"embeddable":true,"href":"https:\/\/latinstudio.fr\/index.php\/wp-json\/wp\/v2\/pages\/22"}],"wp:attachment":[{"href":"https:\/\/latinstudio.fr\/index.php\/wp-json\/wp\/v2\/media?parent=987"}],"curies":[{"name":"wp","href":"https:\/\/api.w.org\/{rel}","templated":true}]}}