{"id":504,"date":"2024-10-17T07:20:40","date_gmt":"2024-10-17T05:20:40","guid":{"rendered":"http:\/\/localhost:8888\/latinstudio\/?page_id=504"},"modified":"2026-02-17T21:12:12","modified_gmt":"2026-02-17T20:12:12","slug":"salsa-portoricaine","status":"publish","type":"page","link":"https:\/\/latinstudio.fr\/index.php\/notre-ecole\/les-disciplines\/salsa-portoricaine\/","title":{"rendered":"Salsa portoricaine"},"content":{"rendered":"<p>[et_pb_section fb_built=\u00a0\u00bb1&Prime; _builder_version=\u00a0\u00bb4.27.2&Prime; _module_preset=\u00a0\u00bbdefault\u00a0\u00bb global_colors_info=\u00a0\u00bb{}\u00a0\u00bb][et_pb_row _builder_version=\u00a0\u00bb4.27.2&Prime; _module_preset=\u00a0\u00bbdefault\u00a0\u00bb global_colors_info=\u00a0\u00bb{}\u00a0\u00bb][et_pb_column type=\u00a0\u00bb4_4&Prime; _builder_version=\u00a0\u00bb4.27.2&Prime; _module_preset=\u00a0\u00bbdefault\u00a0\u00bb global_colors_info=\u00a0\u00bb{}\u00a0\u00bb][et_pb_text _builder_version=\u00a0\u00bb4.27.5&Prime; _module_preset=\u00a0\u00bbdefault\u00a0\u00bb hover_enabled=\u00a0\u00bb0&Prime; custom_css_free_form=\u00a0\u00bbSelector ul{||  margin-top: -15px;||}\u00a0\u00bb global_colors_info=\u00a0\u00bb{}\u00a0\u00bb sticky_enabled=\u00a0\u00bb0&Prime;]<\/p>\n<h1 style=\"text-align: center;\"><strong>Salsa portoricaine<\/strong><\/h1>\n<p style=\"text-align: center;\"><strong>Avec <a href=\"https:\/\/latinstudio.yotipi.fr\/index.php\/notre-ecole\/lequipe\/aurelie-liliboo\/\">Aur\u00e9lie liliboo<\/a> et <a href=\"https:\/\/latinstudio.yotipi.fr\/index.php\/notre-ecole\/lequipe\/david-tima\/\">David TIMA<\/a><\/strong><\/p>\n<p>&nbsp;<\/p>\n<p>Style de salsa dans\u00e9 en ligne, beaucoup pratiqu\u00e9 \u00e0 New York, Los Angeles et Porto Rico qui est appel\u00e9 aussi Salsa Mambo.<\/p>\n<p>Le Mambo, m\u00e9lange de sons afro-cubains et d\u2019influences du jazz New-Yorkais, explose \u00e0 New-York entre les ann\u00e9es 1940 et 1960. On retiendra de cette p\u00e9riode, le fameux club latino de Manhattan (quartier de New-York), le \u00ab\u00a0Palladium\u00a0\u00bb qui donnera son nom \u00e0 un style de la danse mambo.<\/p>\n<p>Venez d\u00e9couvrir le plaisir de la danse \u00e0 deux. Les partenaires (hommes\/femmes) apprennent \u00e0 s&rsquo;\u00e9couter, \u00e0 se suivre et \u00e0 danser ensemble. \u00a0C&rsquo;est un moment de partage sur une musique rythm\u00e9e, pleine de saveurs et de couleurs ! Laissez-vous tenter par l&rsquo;exp\u00e9rience !<\/p>\n<p>Cours:<\/p>\n<ul>\n<li>Interm\u00e9diaire: Le mercredi de 21h \u00e0 22h.<\/li>\n<li>D\u00e9butant: Le mardi et mercredi de 20h \u00e0 21h.<\/li>\n<\/ul>\n<p>Retrouvez ce cours les Mercredi et Jeudi &#8211; <span>Voir le\u00a0<\/span><a href=\"https:\/\/latinstudio.yotipi.fr\/index.php\/planning\/\" data-type=\"URL\" data-id=\"https:\/\/www.latinstudio.fr\/planning-des-cours\/\">planning<\/a><\/p>\n<p>[\/et_pb_text][\/et_pb_column][\/et_pb_row][et_pb_row _builder_version=\u00a0\u00bb4.27.2&Prime; _module_preset=\u00a0\u00bbdefault\u00a0\u00bb global_colors_info=\u00a0\u00bb{}\u00a0\u00bb][et_pb_column type=\u00a0\u00bb4_4&Prime; _builder_version=\u00a0\u00bb4.27.2&Prime; _module_preset=\u00a0\u00bbdefault\u00a0\u00bb global_colors_info=\u00a0\u00bb{}\u00a0\u00bb][et_pb_video src=\u00a0\u00bbhttps:\/\/latinstudio.yotipi.fr\/wp-content\/uploads\/2025\/08\/Salsa_porto.mov\u00a0\u00bb image_src=\u00a0\u00bbhttp:\/\/localhost:8888\/latinstudio\/wp-content\/uploads\/2024\/10\/home-office-01.jpg\u00a0\u00bb _builder_version=\u00a0\u00bb4.27.4&Prime; width=\u00a0\u00bb40%\u00a0\u00bb module_alignment=\u00a0\u00bbcenter\u00a0\u00bb animation_direction=\u00a0\u00bbbottom\u00a0\u00bb box_shadow_style=\u00a0\u00bbpreset5&Prime; box_shadow_vertical=\u00a0\u00bb0px\u00a0\u00bb box_shadow_spread=\u00a0\u00bb20px\u00a0\u00bb box_shadow_color=\u00a0\u00bb#ffffff\u00a0\u00bb global_colors_info=\u00a0\u00bb{}\u00a0\u00bb][\/et_pb_video][\/et_pb_column][\/et_pb_row][\/et_pb_section]<\/p>\n","protected":false},"excerpt":{"rendered":"<p>Salsa portoricaine Avec Aur\u00e9lie liliboo et David TIMA &nbsp; Style de salsa dans\u00e9 en ligne, beaucoup pratiqu\u00e9 \u00e0 New York, Los Angeles et Porto Rico qui est appel\u00e9 aussi Salsa Mambo. Le Mambo, m\u00e9lange de sons afro-cubains et d\u2019influences du jazz New-Yorkais, explose \u00e0 New-York entre les ann\u00e9es 1940 et 1960. On retiendra de cette [&hellip;]<\/p>\n","protected":false},"author":1,"featured_media":0,"parent":24,"menu_order":0,"comment_status":"closed","ping_status":"closed","template":"","meta":{"_et_pb_use_builder":"on","_et_pb_old_content":"","_et_gb_content_width":"","footnotes":""},"class_list":["post-504","page","type-page","status-publish","hentry"],"_links":{"self":[{"href":"https:\/\/latinstudio.fr\/index.php\/wp-json\/wp\/v2\/pages\/504","targetHints":{"allow":["GET"]}}],"collection":[{"href":"https:\/\/latinstudio.fr\/index.php\/wp-json\/wp\/v2\/pages"}],"about":[{"href":"https:\/\/latinstudio.fr\/index.php\/wp-json\/wp\/v2\/types\/page"}],"author":[{"embeddable":true,"href":"https:\/\/latinstudio.fr\/index.php\/wp-json\/wp\/v2\/users\/1"}],"replies":[{"embeddable":true,"href":"https:\/\/latinstudio.fr\/index.php\/wp-json\/wp\/v2\/comments?post=504"}],"version-history":[{"count":6,"href":"https:\/\/latinstudio.fr\/index.php\/wp-json\/wp\/v2\/pages\/504\/revisions"}],"predecessor-version":[{"id":1201,"href":"https:\/\/latinstudio.fr\/index.php\/wp-json\/wp\/v2\/pages\/504\/revisions\/1201"}],"up":[{"embeddable":true,"href":"https:\/\/latinstudio.fr\/index.php\/wp-json\/wp\/v2\/pages\/24"}],"wp:attachment":[{"href":"https:\/\/latinstudio.fr\/index.php\/wp-json\/wp\/v2\/media?parent=504"}],"curies":[{"name":"wp","href":"https:\/\/api.w.org\/{rel}","templated":true}]}}