{"id":495,"date":"2024-10-17T07:15:54","date_gmt":"2024-10-17T05:15:54","guid":{"rendered":"http:\/\/localhost:8888\/latinstudio\/?page_id=495"},"modified":"2026-02-17T21:10:18","modified_gmt":"2026-02-17T20:10:18","slug":"salsa-cubaine","status":"publish","type":"page","link":"https:\/\/latinstudio.fr\/index.php\/notre-ecole\/les-disciplines\/salsa-cubaine\/","title":{"rendered":"Salsa cubaine"},"content":{"rendered":"<p>[et_pb_section fb_built=\u00a0\u00bb1&Prime; _builder_version=\u00a0\u00bb4.27.2&Prime; _module_preset=\u00a0\u00bbdefault\u00a0\u00bb global_colors_info=\u00a0\u00bb{}\u00a0\u00bb][et_pb_row _builder_version=\u00a0\u00bb4.27.2&Prime; _module_preset=\u00a0\u00bbdefault\u00a0\u00bb global_colors_info=\u00a0\u00bb{}\u00a0\u00bb][et_pb_column type=\u00a0\u00bb4_4&Prime; _builder_version=\u00a0\u00bb4.27.2&Prime; _module_preset=\u00a0\u00bbdefault\u00a0\u00bb global_colors_info=\u00a0\u00bb{}\u00a0\u00bb][et_pb_text _builder_version=\u00a0\u00bb4.27.5&Prime; _module_preset=\u00a0\u00bbdefault\u00a0\u00bb hover_enabled=\u00a0\u00bb0&Prime; custom_css_free_form=\u00a0\u00bbSelector ul{||  margin-top: -15px;||}\u00a0\u00bb global_colors_info=\u00a0\u00bb{}\u00a0\u00bb sticky_enabled=\u00a0\u00bb0&Prime;]<\/p>\n<h1 style=\"text-align: center;\"><strong>Salsa cubaine<\/strong><\/h1>\n<p style=\"text-align: center;\"><strong>Avec<a href=\"https:\/\/latinstudio.yotipi.fr\/index.php\/notre-ecole\/lequipe\/david-tima\/\"> David TIMA<\/a><\/strong><\/p>\n<p>&nbsp;<\/p>\n<p>La Salsa cubaine (sauce en espagnol) est avant tout une danse de la rue, populaire et sociale. Elle prend ses racines dans le Son cubain qui, dans les ann\u00e9es 40, a subi d\u2019importantes modifications par les communaut\u00e9s latino-am\u00e9ricaines de New York.<\/p>\n<p>En se d\u00e9veloppant, il a ainsi int\u00e9gr\u00e9 les pas afro-cubains et les passes se sont complexifi\u00e9es. Dans la Salsa cubaine, le couple de danse se d\u00e9place en d\u00e9crivant des cercles successifs.\u2028 La danse est compos\u00e9e de figures qui permettent de former une Rueda (roue).<\/p>\n<p>Tous les couples forment ainsi une ronde, un des danseurs (la Madre) annonce les passes \u00e0 ex\u00e9cuter.<\/p>\n<p>Danse tr\u00e8s conviviale o\u00f9 vous vous amuserez, c\u2019est s\u00fbr\u00a0!!!<\/p>\n<p>Cours:<\/p>\n<ul>\n<li>D\u00e9butant: Le lundi et vendredi de 19h \u00e0 20h.<\/li>\n<li>Interm\u00e9diaire niveau 2: Le lundi de 20h \u00e0 21h.<\/li>\n<li>Interm\u00e9diaire niveau 3: Le lundi de 20h \u00e0 21h.<\/li>\n<li>Interm\u00e9diaire: Le vendredi de 20h \u00e0 21h.<\/li>\n<\/ul>\n<p class=\"has-text-align-center\" style=\"text-align: left;\">Retrouvez ce cours le Lundi &#8211; <span>Voir le\u00a0<\/span><a href=\"https:\/\/latinstudio.yotipi.fr\/index.php\/planning\/\" data-type=\"URL\" data-id=\"https:\/\/www.latinstudio.fr\/planning-des-cours\/\">planning<\/a><\/p>\n<p>[\/et_pb_text][\/et_pb_column][\/et_pb_row][et_pb_row _builder_version=\u00a0\u00bb4.27.2&Prime; _module_preset=\u00a0\u00bbdefault\u00a0\u00bb global_colors_info=\u00a0\u00bb{}\u00a0\u00bb][et_pb_column type=\u00a0\u00bb4_4&Prime; _builder_version=\u00a0\u00bb4.27.2&Prime; _module_preset=\u00a0\u00bbdefault\u00a0\u00bb global_colors_info=\u00a0\u00bb{}\u00a0\u00bb][et_pb_video src=\u00a0\u00bbhttps:\/\/latinstudio.yotipi.fr\/wp-content\/uploads\/2025\/08\/Salsa_cubaine.mov\u00a0\u00bb image_src=\u00a0\u00bbhttp:\/\/localhost:8888\/latinstudio\/wp-content\/uploads\/2024\/10\/home-office-01.jpg\u00a0\u00bb _builder_version=\u00a0\u00bb4.27.4&Prime; width=\u00a0\u00bb40%\u00a0\u00bb module_alignment=\u00a0\u00bbcenter\u00a0\u00bb animation_direction=\u00a0\u00bbbottom\u00a0\u00bb box_shadow_style=\u00a0\u00bbpreset5&Prime; box_shadow_vertical=\u00a0\u00bb0px\u00a0\u00bb box_shadow_spread=\u00a0\u00bb20px\u00a0\u00bb box_shadow_color=\u00a0\u00bb#ffffff\u00a0\u00bb global_colors_info=\u00a0\u00bb{}\u00a0\u00bb][\/et_pb_video][\/et_pb_column][\/et_pb_row][\/et_pb_section]<\/p>\n","protected":false},"excerpt":{"rendered":"<p>Salsa cubaine Avec David TIMA &nbsp; La Salsa cubaine (sauce en espagnol) est avant tout une danse de la rue, populaire et sociale. Elle prend ses racines dans le Son cubain qui, dans les ann\u00e9es 40, a subi d\u2019importantes modifications par les communaut\u00e9s latino-am\u00e9ricaines de New York. En se d\u00e9veloppant, il a ainsi int\u00e9gr\u00e9 les [&hellip;]<\/p>\n","protected":false},"author":1,"featured_media":0,"parent":24,"menu_order":0,"comment_status":"closed","ping_status":"closed","template":"","meta":{"_et_pb_use_builder":"on","_et_pb_old_content":"","_et_gb_content_width":"","footnotes":""},"class_list":["post-495","page","type-page","status-publish","hentry"],"_links":{"self":[{"href":"https:\/\/latinstudio.fr\/index.php\/wp-json\/wp\/v2\/pages\/495","targetHints":{"allow":["GET"]}}],"collection":[{"href":"https:\/\/latinstudio.fr\/index.php\/wp-json\/wp\/v2\/pages"}],"about":[{"href":"https:\/\/latinstudio.fr\/index.php\/wp-json\/wp\/v2\/types\/page"}],"author":[{"embeddable":true,"href":"https:\/\/latinstudio.fr\/index.php\/wp-json\/wp\/v2\/users\/1"}],"replies":[{"embeddable":true,"href":"https:\/\/latinstudio.fr\/index.php\/wp-json\/wp\/v2\/comments?post=495"}],"version-history":[{"count":6,"href":"https:\/\/latinstudio.fr\/index.php\/wp-json\/wp\/v2\/pages\/495\/revisions"}],"predecessor-version":[{"id":1200,"href":"https:\/\/latinstudio.fr\/index.php\/wp-json\/wp\/v2\/pages\/495\/revisions\/1200"}],"up":[{"embeddable":true,"href":"https:\/\/latinstudio.fr\/index.php\/wp-json\/wp\/v2\/pages\/24"}],"wp:attachment":[{"href":"https:\/\/latinstudio.fr\/index.php\/wp-json\/wp\/v2\/media?parent=495"}],"curies":[{"name":"wp","href":"https:\/\/api.w.org\/{rel}","templated":true}]}}