{"id":489,"date":"2024-10-17T07:13:09","date_gmt":"2024-10-17T05:13:09","guid":{"rendered":"http:\/\/localhost:8888\/latinstudio\/?page_id=489"},"modified":"2026-04-13T00:44:38","modified_gmt":"2026-04-12T22:44:38","slug":"zumba-reggaeton","status":"publish","type":"page","link":"https:\/\/latinstudio.fr\/index.php\/notre-ecole\/les-disciplines\/zumba-reggaeton\/","title":{"rendered":"Zumba Reggaeton"},"content":{"rendered":"<p>[et_pb_section fb_built=\u00a0\u00bb1&Prime; _builder_version=\u00a0\u00bb4.27.2&Prime; _module_preset=\u00a0\u00bbdefault\u00a0\u00bb global_colors_info=\u00a0\u00bb{}\u00a0\u00bb][et_pb_row _builder_version=\u00a0\u00bb4.27.2&Prime; _module_preset=\u00a0\u00bbdefault\u00a0\u00bb global_colors_info=\u00a0\u00bb{}\u00a0\u00bb][et_pb_column type=\u00a0\u00bb4_4&Prime; _builder_version=\u00a0\u00bb4.27.2&Prime; _module_preset=\u00a0\u00bbdefault\u00a0\u00bb global_colors_info=\u00a0\u00bb{}\u00a0\u00bb][et_pb_text _builder_version=\u00a0\u00bb4.27.5&Prime; _module_preset=\u00a0\u00bbdefault\u00a0\u00bb global_colors_info=\u00a0\u00bb{}\u00a0\u00bb]<\/p>\n<h1 style=\"text-align: center;\"><strong>Zumba Reggaeton<\/strong><\/h1>\n<p style=\"text-align: center;\"><a href=\"https:\/\/latinstudio.yotipi.fr\/index.php\/notre-ecole\/lequipe\/ophelie\/\"><strong>Avec Oph\u00e9lie<\/strong><\/a><\/p>\n<p>&nbsp;<\/p>\n<p>Le Reggaeton est avant tout un style de musique entrainant et festif originaire d\u2019Am\u00e9rique Latine avec des influences de ragga et de Hip-hop. Le Reggaeton est n\u00e9 il y a une dizaine d\u2019ann\u00e9e \u00e0 Puerto Rico. Apr\u00e8s avoir endiabl\u00e9 les Etats-Unis elle arrive en Europe !<\/p>\n<p>Dynamisme, \u00e9nergie et joie de vivre caract\u00e9rise bien cette danse. Elle convient parfaitement \u00e0 tous celles et ceux qui veulent se d\u00e9fouler, mais aussi \u00e0 celles et ceux qui souhaitent acqu\u00e9rir de la technique (isolation, d\u00e9hanch\u00e9&#8230;).<\/p>\n<p>En reggaeton, on se l\u00e2che et on se fait plaisir. Oser d\u00e9passer vos limites et venir vous amusez avec Ivan. Il vous transmettra tout les secrets de cette danse au travers de son \u00e9nergie, de son sourire et de sa gentillesse.<\/p>\n<p>Le reggaeton est la nouvelle musique urbaine qui repr\u00e9sente la culture latino, c&rsquo;est une danse \u00e0 la mode et id\u00e9ale pour vous \u00e9clater en soir\u00e9e apr\u00e8s les cours !<\/p>\n<p>Cours:<\/p>\n<ul>\n<li>Le mardi de 20h \u00e0 21h &#8211; <span>Voir le\u00a0<\/span><a href=\"https:\/\/latinstudio.yotipi.fr\/index.php\/planning\/\" data-type=\"URL\" data-id=\"https:\/\/www.latinstudio.fr\/planning-des-cours\/\">planning<\/a><\/li>\n<li>Le mardi de 21h \u00e0 22h.<\/li>\n<\/ul>\n<p>[\/et_pb_text][\/et_pb_column][\/et_pb_row][\/et_pb_section]<\/p>\n","protected":false},"excerpt":{"rendered":"<p>Zumba Reggaeton Avec Oph\u00e9lie &nbsp; Le Reggaeton est avant tout un style de musique entrainant et festif originaire d\u2019Am\u00e9rique Latine avec des influences de ragga et de Hip-hop. Le Reggaeton est n\u00e9 il y a une dizaine d\u2019ann\u00e9e \u00e0 Puerto Rico. Apr\u00e8s avoir endiabl\u00e9 les Etats-Unis elle arrive en Europe ! Dynamisme, \u00e9nergie et joie [&hellip;]<\/p>\n","protected":false},"author":1,"featured_media":0,"parent":24,"menu_order":0,"comment_status":"closed","ping_status":"closed","template":"","meta":{"_et_pb_use_builder":"on","_et_pb_old_content":"","_et_gb_content_width":"","footnotes":""},"class_list":["post-489","page","type-page","status-publish","hentry"],"_links":{"self":[{"href":"https:\/\/latinstudio.fr\/index.php\/wp-json\/wp\/v2\/pages\/489","targetHints":{"allow":["GET"]}}],"collection":[{"href":"https:\/\/latinstudio.fr\/index.php\/wp-json\/wp\/v2\/pages"}],"about":[{"href":"https:\/\/latinstudio.fr\/index.php\/wp-json\/wp\/v2\/types\/page"}],"author":[{"embeddable":true,"href":"https:\/\/latinstudio.fr\/index.php\/wp-json\/wp\/v2\/users\/1"}],"replies":[{"embeddable":true,"href":"https:\/\/latinstudio.fr\/index.php\/wp-json\/wp\/v2\/comments?post=489"}],"version-history":[{"count":7,"href":"https:\/\/latinstudio.fr\/index.php\/wp-json\/wp\/v2\/pages\/489\/revisions"}],"predecessor-version":[{"id":1323,"href":"https:\/\/latinstudio.fr\/index.php\/wp-json\/wp\/v2\/pages\/489\/revisions\/1323"}],"up":[{"embeddable":true,"href":"https:\/\/latinstudio.fr\/index.php\/wp-json\/wp\/v2\/pages\/24"}],"wp:attachment":[{"href":"https:\/\/latinstudio.fr\/index.php\/wp-json\/wp\/v2\/media?parent=489"}],"curies":[{"name":"wp","href":"https:\/\/api.w.org\/{rel}","templated":true}]}}