{"id":457,"date":"2024-10-16T23:08:29","date_gmt":"2024-10-16T21:08:29","guid":{"rendered":"http:\/\/localhost:8888\/latinstudio\/?page_id=457"},"modified":"2026-02-17T21:24:18","modified_gmt":"2026-02-17T20:24:18","slug":"danse-experimentale","status":"publish","type":"page","link":"https:\/\/latinstudio.fr\/index.php\/notre-ecole\/les-disciplines\/danse-experimentale\/","title":{"rendered":"Danse exp\u00e9rimentale"},"content":{"rendered":"<p>[et_pb_section fb_built=\u00a0\u00bb1&Prime; _builder_version=\u00a0\u00bb4.27.2&Prime; _module_preset=\u00a0\u00bbdefault\u00a0\u00bb global_colors_info=\u00a0\u00bb{}\u00a0\u00bb][et_pb_row _builder_version=\u00a0\u00bb4.27.2&Prime; _module_preset=\u00a0\u00bbdefault\u00a0\u00bb global_colors_info=\u00a0\u00bb{}\u00a0\u00bb][et_pb_column type=\u00a0\u00bb4_4&Prime; _builder_version=\u00a0\u00bb4.27.2&Prime; _module_preset=\u00a0\u00bbdefault\u00a0\u00bb global_colors_info=\u00a0\u00bb{}\u00a0\u00bb][et_pb_text _builder_version=\u00a0\u00bb4.27.5&Prime; _module_preset=\u00a0\u00bbdefault\u00a0\u00bb hover_enabled=\u00a0\u00bb0&Prime; global_colors_info=\u00a0\u00bb{}\u00a0\u00bb sticky_enabled=\u00a0\u00bb0&Prime;]<\/p>\n<h1 style=\"text-align: center;\"><strong>Danse exp\u00e9rimentale<\/strong><\/h1>\n<p style=\"text-align: center;\"><a href=\"https:\/\/latinstudio.yotipi.fr\/index.php\/notre-ecole\/lequipe\/mabu\/\"><strong>Avec Mabu<\/strong><\/a><\/p>\n<p>&nbsp;<\/p>\n<p>Discipline aux diverses influences de danses urbaines, contemporaines et abstraites. Technique, ressentie et \u00e9motion se rejoignent en un \u00e9l\u00e9ment, l\u2019expression du corps.<\/p>\n<p>Vous d\u00e9couvrirez de votre corps, ce magnifique outil dont on ignore souvent les capacit\u00e9s. Vous explorerez les diff\u00e9rentes \u00e9nergies et les diff\u00e9rentes \u00e9motions qui nous entourent en \u00e9tant accompagn\u00e9es de musiques aux diverses influences.<\/p>\n<p>Laissez vous guider par Mabu qui saura faire \u00e9merger la lumi\u00e8re qu&rsquo;il y en en vous. Au travers de petits exercices et de petits d\u00e9fis le d\u00e9passement de soi sera au rendez-vous.<\/p>\n<p>La danse exp\u00e9rimentale, c&rsquo;est une rencontre avec soi, avec les autres, avec l&rsquo;espace, avec la musique et avec les \u00e9motions. La libert\u00e9 de danser comme on en a envie, comme on le sent mais tous ensemble.<\/p>\n<p>Cours:<\/p>\n<ul>\n<li>Le vendredi de 20h \u00e0 21h30 &#8211; <span>Voir le\u00a0<\/span><a href=\"https:\/\/latinstudio.yotipi.fr\/index.php\/planning\/\" data-type=\"URL\" data-id=\"https:\/\/www.latinstudio.fr\/planning-des-cours\/\">planning<\/a><\/li>\n<\/ul>\n<p>[\/et_pb_text][\/et_pb_column][\/et_pb_row][et_pb_row _builder_version=\u00a0\u00bb4.27.2&Prime; _module_preset=\u00a0\u00bbdefault\u00a0\u00bb global_colors_info=\u00a0\u00bb{}\u00a0\u00bb][et_pb_column type=\u00a0\u00bb4_4&Prime; _builder_version=\u00a0\u00bb4.27.2&Prime; _module_preset=\u00a0\u00bbdefault\u00a0\u00bb global_colors_info=\u00a0\u00bb{}\u00a0\u00bb][et_pb_video src=\u00a0\u00bbhttps:\/\/latinstudio.yotipi.fr\/wp-content\/uploads\/2025\/08\/Danse_experimentale.mov\u00a0\u00bb image_src=\u00a0\u00bbhttp:\/\/localhost:8888\/latinstudio\/wp-content\/uploads\/2024\/10\/home-office-01.jpg\u00a0\u00bb _builder_version=\u00a0\u00bb4.27.4&Prime; width=\u00a0\u00bb40%\u00a0\u00bb module_alignment=\u00a0\u00bbcenter\u00a0\u00bb animation_direction=\u00a0\u00bbbottom\u00a0\u00bb box_shadow_style=\u00a0\u00bbpreset5&Prime; box_shadow_vertical=\u00a0\u00bb0px\u00a0\u00bb box_shadow_spread=\u00a0\u00bb20px\u00a0\u00bb box_shadow_color=\u00a0\u00bb#ffffff\u00a0\u00bb global_colors_info=\u00a0\u00bb{}\u00a0\u00bb][\/et_pb_video][\/et_pb_column][\/et_pb_row][\/et_pb_section]<\/p>\n","protected":false},"excerpt":{"rendered":"<p>Danse exp\u00e9rimentale Avec Mabu &nbsp; Discipline aux diverses influences de danses urbaines, contemporaines et abstraites. Technique, ressentie et \u00e9motion se rejoignent en un \u00e9l\u00e9ment, l\u2019expression du corps. Vous d\u00e9couvrirez de votre corps, ce magnifique outil dont on ignore souvent les capacit\u00e9s. Vous explorerez les diff\u00e9rentes \u00e9nergies et les diff\u00e9rentes \u00e9motions qui nous entourent en \u00e9tant [&hellip;]<\/p>\n","protected":false},"author":1,"featured_media":0,"parent":24,"menu_order":0,"comment_status":"closed","ping_status":"closed","template":"","meta":{"_et_pb_use_builder":"on","_et_pb_old_content":"","_et_gb_content_width":"","footnotes":""},"class_list":["post-457","page","type-page","status-publish","hentry"],"_links":{"self":[{"href":"https:\/\/latinstudio.fr\/index.php\/wp-json\/wp\/v2\/pages\/457","targetHints":{"allow":["GET"]}}],"collection":[{"href":"https:\/\/latinstudio.fr\/index.php\/wp-json\/wp\/v2\/pages"}],"about":[{"href":"https:\/\/latinstudio.fr\/index.php\/wp-json\/wp\/v2\/types\/page"}],"author":[{"embeddable":true,"href":"https:\/\/latinstudio.fr\/index.php\/wp-json\/wp\/v2\/users\/1"}],"replies":[{"embeddable":true,"href":"https:\/\/latinstudio.fr\/index.php\/wp-json\/wp\/v2\/comments?post=457"}],"version-history":[{"count":6,"href":"https:\/\/latinstudio.fr\/index.php\/wp-json\/wp\/v2\/pages\/457\/revisions"}],"predecessor-version":[{"id":1207,"href":"https:\/\/latinstudio.fr\/index.php\/wp-json\/wp\/v2\/pages\/457\/revisions\/1207"}],"up":[{"embeddable":true,"href":"https:\/\/latinstudio.fr\/index.php\/wp-json\/wp\/v2\/pages\/24"}],"wp:attachment":[{"href":"https:\/\/latinstudio.fr\/index.php\/wp-json\/wp\/v2\/media?parent=457"}],"curies":[{"name":"wp","href":"https:\/\/api.w.org\/{rel}","templated":true}]}}