{"id":450,"date":"2024-10-16T07:26:56","date_gmt":"2024-10-16T05:26:56","guid":{"rendered":"http:\/\/localhost:8888\/latinstudio\/?page_id=450"},"modified":"2026-02-17T21:23:02","modified_gmt":"2026-02-17T20:23:02","slug":"dancehall","status":"publish","type":"page","link":"https:\/\/latinstudio.fr\/index.php\/notre-ecole\/les-disciplines\/dancehall\/","title":{"rendered":"Dancehall"},"content":{"rendered":"<p>[et_pb_section fb_built=\u00a0\u00bb1&Prime; _builder_version=\u00a0\u00bb4.27.2&Prime; _module_preset=\u00a0\u00bbdefault\u00a0\u00bb global_colors_info=\u00a0\u00bb{}\u00a0\u00bb][et_pb_row _builder_version=\u00a0\u00bb4.27.2&Prime; _module_preset=\u00a0\u00bbdefault\u00a0\u00bb global_colors_info=\u00a0\u00bb{}\u00a0\u00bb][et_pb_column type=\u00a0\u00bb4_4&Prime; _builder_version=\u00a0\u00bb4.27.2&Prime; _module_preset=\u00a0\u00bbdefault\u00a0\u00bb global_colors_info=\u00a0\u00bb{}\u00a0\u00bb][et_pb_text _builder_version=\u00a0\u00bb4.27.5&Prime; _module_preset=\u00a0\u00bbdefault\u00a0\u00bb hover_enabled=\u00a0\u00bb0&Prime; custom_css_free_form=\u00a0\u00bbSelector ul{||  margin-top: -15px;||}\u00a0\u00bb global_colors_info=\u00a0\u00bb{}\u00a0\u00bb sticky_enabled=\u00a0\u00bb0&Prime;]<\/p>\n<h1 style=\"text-align: center;\"><strong>Dancehall<\/strong><\/h1>\n<p style=\"text-align: center;\"><strong>Avec <a href=\"https:\/\/latinstudio.yotipi.fr\/index.php\/notre-ecole\/lequipe\/tashinda\/?et_fb=1&amp;PageSpeed=off\">Tashinda<\/a>, <a href=\"https:\/\/latinstudio.yotipi.fr\/index.php\/notre-ecole\/lequipe\/magoo\/\">Magoo<\/a> et <a href=\"https:\/\/latinstudio.yotipi.fr\/index.php\/notre-ecole\/lequipe\/doryan\/\">Doryan<\/a><\/strong><\/p>\n<p>&nbsp;<\/p>\n<p>La dancehall est une danse caraib\u00e9enne venant de la Jama\u00efque qui est n\u00e9e dans les soir\u00e9es.<\/p>\n<p>Il s&rsquo;agit d&rsquo;une danse qui retranscrit les choses de la vie quotidienne en step dit de danse sociale, dont on fait des routines (enchainement de steps sur le rythme) ou des chor\u00e9graphies (steps et mouvement plus musical).<\/p>\n<p>Faite de dynamisme, de d\u00e9hanch\u00e9, de contr\u00f4le de son corps, d\u2019isolation, de rythme, vous allez vous d\u00e9penser\u00a0!!!<\/p>\n<p>Cours:<\/p>\n<ul>\n<li>Ados (12-15 ans): Le jeudi de 19h \u00e0 20h<\/li>\n<li>Dancehall interm\u00e9diaire: Le lundi de 21h \u00e0 22h.<\/li>\n<li>Dancehall fusion (tous niveaux): Le jeudi de 19h \u00e0 20h.<\/li>\n<\/ul>\n<p class=\"has-text-align-center\" style=\"text-align: left;\">Retrouvez ce cours les Lundi et Jeudi &#8211; Voir le <a href=\"https:\/\/latinstudio.yotipi.fr\/index.php\/planning\/\">planning<\/a><\/p>\n<p>[\/et_pb_text][\/et_pb_column][\/et_pb_row][et_pb_row _builder_version=\u00a0\u00bb4.27.2&Prime; _module_preset=\u00a0\u00bbdefault\u00a0\u00bb global_colors_info=\u00a0\u00bb{}\u00a0\u00bb][et_pb_column type=\u00a0\u00bb4_4&Prime; _builder_version=\u00a0\u00bb4.27.2&Prime; _module_preset=\u00a0\u00bbdefault\u00a0\u00bb global_colors_info=\u00a0\u00bb{}\u00a0\u00bb][et_pb_video src=\u00a0\u00bbhttps:\/\/latinstudio.yotipi.fr\/wp-content\/uploads\/2025\/07\/AL_Afro01.mp4&Prime; _builder_version=\u00a0\u00bb4.27.4&Prime; width=\u00a0\u00bb33%\u00a0\u00bb module_alignment=\u00a0\u00bbcenter\u00a0\u00bb animation_direction=\u00a0\u00bbbottom\u00a0\u00bb box_shadow_style=\u00a0\u00bbpreset5&Prime; box_shadow_vertical=\u00a0\u00bb0px\u00a0\u00bb box_shadow_spread=\u00a0\u00bb20px\u00a0\u00bb box_shadow_color=\u00a0\u00bb#ffffff\u00a0\u00bb global_colors_info=\u00a0\u00bb{}\u00a0\u00bb][\/et_pb_video][\/et_pb_column][\/et_pb_row][\/et_pb_section]<\/p>\n","protected":false},"excerpt":{"rendered":"<p>Dancehall Avec Tashinda, Magoo et Doryan &nbsp; La dancehall est une danse caraib\u00e9enne venant de la Jama\u00efque qui est n\u00e9e dans les soir\u00e9es. Il s&rsquo;agit d&rsquo;une danse qui retranscrit les choses de la vie quotidienne en step dit de danse sociale, dont on fait des routines (enchainement de steps sur le rythme) ou des chor\u00e9graphies [&hellip;]<\/p>\n","protected":false},"author":1,"featured_media":0,"parent":24,"menu_order":0,"comment_status":"closed","ping_status":"closed","template":"","meta":{"_et_pb_use_builder":"on","_et_pb_old_content":"","_et_gb_content_width":"","footnotes":""},"class_list":["post-450","page","type-page","status-publish","hentry"],"_links":{"self":[{"href":"https:\/\/latinstudio.fr\/index.php\/wp-json\/wp\/v2\/pages\/450","targetHints":{"allow":["GET"]}}],"collection":[{"href":"https:\/\/latinstudio.fr\/index.php\/wp-json\/wp\/v2\/pages"}],"about":[{"href":"https:\/\/latinstudio.fr\/index.php\/wp-json\/wp\/v2\/types\/page"}],"author":[{"embeddable":true,"href":"https:\/\/latinstudio.fr\/index.php\/wp-json\/wp\/v2\/users\/1"}],"replies":[{"embeddable":true,"href":"https:\/\/latinstudio.fr\/index.php\/wp-json\/wp\/v2\/comments?post=450"}],"version-history":[{"count":5,"href":"https:\/\/latinstudio.fr\/index.php\/wp-json\/wp\/v2\/pages\/450\/revisions"}],"predecessor-version":[{"id":1206,"href":"https:\/\/latinstudio.fr\/index.php\/wp-json\/wp\/v2\/pages\/450\/revisions\/1206"}],"up":[{"embeddable":true,"href":"https:\/\/latinstudio.fr\/index.php\/wp-json\/wp\/v2\/pages\/24"}],"wp:attachment":[{"href":"https:\/\/latinstudio.fr\/index.php\/wp-json\/wp\/v2\/media?parent=450"}],"curies":[{"name":"wp","href":"https:\/\/api.w.org\/{rel}","templated":true}]}}