{"id":442,"date":"2024-10-16T07:20:21","date_gmt":"2024-10-16T05:20:21","guid":{"rendered":"http:\/\/localhost:8888\/latinstudio\/?page_id=442"},"modified":"2026-02-17T21:13:22","modified_gmt":"2026-02-17T20:13:22","slug":"bachata","status":"publish","type":"page","link":"https:\/\/latinstudio.fr\/index.php\/notre-ecole\/les-disciplines\/bachata\/","title":{"rendered":"Bachata"},"content":{"rendered":"<p>[et_pb_section fb_built=\u00a0\u00bb1&Prime; _builder_version=\u00a0\u00bb4.27.2&Prime; _module_preset=\u00a0\u00bbdefault\u00a0\u00bb global_colors_info=\u00a0\u00bb{}\u00a0\u00bb][et_pb_row _builder_version=\u00a0\u00bb4.27.2&Prime; _module_preset=\u00a0\u00bbdefault\u00a0\u00bb global_colors_info=\u00a0\u00bb{}\u00a0\u00bb][et_pb_column type=\u00a0\u00bb4_4&Prime; _builder_version=\u00a0\u00bb4.27.2&Prime; _module_preset=\u00a0\u00bbdefault\u00a0\u00bb global_colors_info=\u00a0\u00bb{}\u00a0\u00bb][et_pb_text _builder_version=\u00a0\u00bb4.27.5&Prime; _module_preset=\u00a0\u00bbdefault\u00a0\u00bb hover_enabled=\u00a0\u00bb0&Prime; custom_css_free_form=\u00a0\u00bbSelector ul{||  margin-top: -15px;||}\u00a0\u00bb global_colors_info=\u00a0\u00bb{}\u00a0\u00bb sticky_enabled=\u00a0\u00bb0&Prime;]<\/p>\n<h1 style=\"text-align: center;\"><strong>Bachata<\/strong><\/h1>\n<p style=\"text-align: center;\"><strong>Avec <a href=\"https:\/\/latinstudio.yotipi.fr\/index.php\/notre-ecole\/lequipe\/aurelie-liliboo\/\">Aur\u00e9lie liliboo<\/a> (d\u00e9butant) et <a href=\"https:\/\/latinstudio.yotipi.fr\/index.php\/notre-ecole\/lequipe\/david-tima\/\">David TIMA <\/a>(interm\u00e9diaire)<\/strong><\/p>\n<p>&nbsp;<\/p>\n<p>N\u00e9e en R\u00e9publique Dominicaine, la Bachata est une danse qui se danse \u00e0 deux.<\/p>\n<p>La sensualit\u00e9 de ses pas permet aux plus timides de se r\u00e9v\u00e9ler.<\/p>\n<p>La Bachata, c&rsquo;est le ph\u00e9nom\u00e8ne\u00a0!!!<\/p>\n<p>Appel\u00e9e \u00ab danse de l\u2019amour \u00bb, c&rsquo;est une danse sensuelle aux rythmes entrainants et romantiques. Vous arriverez facilement \u00e0 la danser en soir\u00e9e.<\/p>\n<p>Danse au rythme binaire, la bachata se caract\u00e9rise par des pas de base et des figures simples, la rendant techniquement accessible \u00e0 tous.<\/p>\n<p>Cours:<\/p>\n<ul>\n<li>D\u00e9butant: Le jeudi de 19h \u00e0 20h ou 21h \u00e0 22h<\/li>\n<li>Interm\u00e9diaire: Le mardi de 19h \u00e0 20h<\/li>\n<li>Avanc\u00e9: Le mardi de 21h \u00e0 22h<\/li>\n<\/ul>\n<p class=\"has-text-align-center\" style=\"text-align: left;\">Retrouvez ce cours les Mardi (niveau interm\u00e9diaire) et Jeudi (niveau d\u00e9butant) &#8211; <span>Voir le\u00a0<\/span><a href=\"https:\/\/latinstudio.yotipi.fr\/index.php\/planning\/\" data-type=\"URL\" data-id=\"https:\/\/www.latinstudio.fr\/planning-des-cours\/\">planning<\/a><\/p>\n<p>[\/et_pb_text][\/et_pb_column][\/et_pb_row][et_pb_row _builder_version=\u00a0\u00bb4.27.2&Prime; _module_preset=\u00a0\u00bbdefault\u00a0\u00bb global_colors_info=\u00a0\u00bb{}\u00a0\u00bb][et_pb_column type=\u00a0\u00bb4_4&Prime; _builder_version=\u00a0\u00bb4.27.2&Prime; _module_preset=\u00a0\u00bbdefault\u00a0\u00bb global_colors_info=\u00a0\u00bb{}\u00a0\u00bb][et_pb_video src=\u00a0\u00bbhttps:\/\/latinstudio.yotipi.fr\/wp-content\/uploads\/2025\/08\/Bachata.mov\u00a0\u00bb image_src=\u00a0\u00bbhttp:\/\/localhost:8888\/latinstudio\/wp-content\/uploads\/2024\/10\/home-office-01.jpg\u00a0\u00bb _builder_version=\u00a0\u00bb4.27.4&Prime; width=\u00a0\u00bb40%\u00a0\u00bb module_alignment=\u00a0\u00bbcenter\u00a0\u00bb animation_direction=\u00a0\u00bbbottom\u00a0\u00bb box_shadow_style=\u00a0\u00bbpreset5&Prime; box_shadow_vertical=\u00a0\u00bb0px\u00a0\u00bb box_shadow_spread=\u00a0\u00bb20px\u00a0\u00bb box_shadow_color=\u00a0\u00bb#ffffff\u00a0\u00bb global_colors_info=\u00a0\u00bb{}\u00a0\u00bb][\/et_pb_video][\/et_pb_column][\/et_pb_row][\/et_pb_section]<\/p>\n","protected":false},"excerpt":{"rendered":"<p>Bachata Avec Aur\u00e9lie liliboo (d\u00e9butant) et David TIMA (interm\u00e9diaire) &nbsp; N\u00e9e en R\u00e9publique Dominicaine, la Bachata est une danse qui se danse \u00e0 deux. La sensualit\u00e9 de ses pas permet aux plus timides de se r\u00e9v\u00e9ler. La Bachata, c&rsquo;est le ph\u00e9nom\u00e8ne\u00a0!!! Appel\u00e9e \u00ab danse de l\u2019amour \u00bb, c&rsquo;est une danse sensuelle aux rythmes entrainants et [&hellip;]<\/p>\n","protected":false},"author":1,"featured_media":0,"parent":24,"menu_order":0,"comment_status":"closed","ping_status":"closed","template":"","meta":{"_et_pb_use_builder":"on","_et_pb_old_content":"","_et_gb_content_width":"","footnotes":""},"class_list":["post-442","page","type-page","status-publish","hentry"],"_links":{"self":[{"href":"https:\/\/latinstudio.fr\/index.php\/wp-json\/wp\/v2\/pages\/442","targetHints":{"allow":["GET"]}}],"collection":[{"href":"https:\/\/latinstudio.fr\/index.php\/wp-json\/wp\/v2\/pages"}],"about":[{"href":"https:\/\/latinstudio.fr\/index.php\/wp-json\/wp\/v2\/types\/page"}],"author":[{"embeddable":true,"href":"https:\/\/latinstudio.fr\/index.php\/wp-json\/wp\/v2\/users\/1"}],"replies":[{"embeddable":true,"href":"https:\/\/latinstudio.fr\/index.php\/wp-json\/wp\/v2\/comments?post=442"}],"version-history":[{"count":7,"href":"https:\/\/latinstudio.fr\/index.php\/wp-json\/wp\/v2\/pages\/442\/revisions"}],"predecessor-version":[{"id":1202,"href":"https:\/\/latinstudio.fr\/index.php\/wp-json\/wp\/v2\/pages\/442\/revisions\/1202"}],"up":[{"embeddable":true,"href":"https:\/\/latinstudio.fr\/index.php\/wp-json\/wp\/v2\/pages\/24"}],"wp:attachment":[{"href":"https:\/\/latinstudio.fr\/index.php\/wp-json\/wp\/v2\/media?parent=442"}],"curies":[{"name":"wp","href":"https:\/\/api.w.org\/{rel}","templated":true}]}}