{"id":410,"date":"2024-10-16T06:39:25","date_gmt":"2024-10-16T04:39:25","guid":{"rendered":"http:\/\/localhost:8888\/latinstudio\/?page_id=410"},"modified":"2026-04-13T10:38:51","modified_gmt":"2026-04-13T08:38:51","slug":"afrobeat","status":"publish","type":"page","link":"https:\/\/latinstudio.fr\/index.php\/notre-ecole\/les-disciplines\/afrobeat\/","title":{"rendered":"Afrobeat"},"content":{"rendered":"<p>[et_pb_section fb_built=\u00a0\u00bb1&Prime; _builder_version=\u00a0\u00bb4.27.2&Prime; _module_preset=\u00a0\u00bbdefault\u00a0\u00bb global_colors_info=\u00a0\u00bb{}\u00a0\u00bb][et_pb_row _builder_version=\u00a0\u00bb4.27.2&Prime; _module_preset=\u00a0\u00bbdefault\u00a0\u00bb global_colors_info=\u00a0\u00bb{}\u00a0\u00bb][et_pb_column type=\u00a0\u00bb4_4&Prime; _builder_version=\u00a0\u00bb4.27.2&Prime; _module_preset=\u00a0\u00bbdefault\u00a0\u00bb global_colors_info=\u00a0\u00bb{}\u00a0\u00bb][et_pb_text _builder_version=\u00a0\u00bb4.27.5&Prime; _module_preset=\u00a0\u00bbdefault\u00a0\u00bb custom_css_free_form=\u00a0\u00bbselector ul{||  margin-top: -15px;||}\u00a0\u00bb global_colors_info=\u00a0\u00bb{}\u00a0\u00bb]<\/p>\n<p style=\"text-align: center;\"><strong>Afrobeat<br \/><a href=\"https:\/\/latinstudio.yotipi.fr\/index.php\/notre-ecole\/lequipe\/eva\/\">Avec Eva<\/a> et <a href=\"https:\/\/latinstudio.yotipi.fr\/index.php\/notre-ecole\/lequipe\/soraia\/\">Soraia<\/a><br \/><\/strong><\/p>\n<p><strong><\/strong><\/p>\n<p>Ce qui \u00e9tait au d\u00e9part\u00a0un genre musical m\u00e9langeant Percussion Afro, Jazz et Funk, originaire du Nigeria cr\u00e9\u00e9\u00a0par Fela Kuti, est devenu un genre musical mixant sonorit\u00e9\u00a0Afro, Hip-Hop par tous les plus grands DJ.<\/p>\n<p>Cependant la\u00a0danse Afrobeatz est aussi impr\u00e9visible que la musique.\u00a0Ce cours vous permettra donc de d\u00e9couvrir, tout en vous amusant, des\u00a0styles de danse comme le Coup\u00e9 d\u00e9cal\u00e9, Ndombolo, l\u2019Azonto, ou le\u00a0Kuduro, \u00a0l&rsquo;Afrohouse et \u00a0le Dancehall.<\/p>\n<p>Tr\u00e8s dynamique, vous ne verrez pas le temps passer !<\/p>\n<p><strong>L&rsquo; Afrobeat :<\/strong>\u00a0la danse qui a envahit toute l&rsquo;Afrique et et le Monde !!<\/p>\n<p>Cours:<\/p>\n<ul>\n<li>D\u00e9butant (adulte): Le lundi de 19h \u00e0 20h<\/li>\n<li>Interm\u00e9diaire (adulte): Le lundi de 20h \u00e0 21h<\/li>\n<li>Afrobeat enfants (6-8 ans): Le mercredi de 18h \u00e0 19h<\/li>\n<li>Afrobeat enfants (8-11 ans): Le mercredi de 18h \u00e0 19h<\/li>\n<li>Afrobeat Ados (12-15 ans) : Le mercredi de 19h \u00e0 20h<\/li>\n<li>Afrobeat enfants (6-8 ans): Le samedi de 10h \u00e0 11h<\/li>\n<li>Afrobeat enfants (8-11 ans): Le mercredi de 10h \u00e0 11h<\/li>\n<\/ul>\n<p class=\"has-text-align-center\" style=\"text-align: left;\">Retrouvez ces cours les Lundi, Mercredi et Samedi &#8211; Voir le <a href=\"https:\/\/latinstudio.yotipi.fr\/index.php\/planning\/\" data-type=\"URL\" data-id=\"https:\/\/www.latinstudio.fr\/planning-des-cours\/\">planning<\/a><\/p>\n<p>[\/et_pb_text][\/et_pb_column][\/et_pb_row][et_pb_row column_structure=\u00a0\u00bb1_2,1_2&Prime; _builder_version=\u00a0\u00bb4.27.2&Prime; _module_preset=\u00a0\u00bbdefault\u00a0\u00bb global_colors_info=\u00a0\u00bb{}\u00a0\u00bb][et_pb_column type=\u00a0\u00bb1_2&Prime; _builder_version=\u00a0\u00bb4.27.2&Prime; _module_preset=\u00a0\u00bbdefault\u00a0\u00bb global_colors_info=\u00a0\u00bb{}\u00a0\u00bb][et_pb_video src=\u00a0\u00bbhttps:\/\/latinstudio.yotipi.fr\/wp-content\/uploads\/2025\/07\/tashinda_05.mp4&Prime; _builder_version=\u00a0\u00bb4.27.6&Prime; width=\u00a0\u00bb80.5%\u00a0\u00bb module_alignment=\u00a0\u00bbcenter\u00a0\u00bb animation_direction=\u00a0\u00bbbottom\u00a0\u00bb hover_enabled=\u00a0\u00bb0&Prime; box_shadow_style=\u00a0\u00bbpreset5&Prime; box_shadow_vertical=\u00a0\u00bb0px\u00a0\u00bb box_shadow_spread=\u00a0\u00bb20px\u00a0\u00bb box_shadow_color=\u00a0\u00bb#ffffff\u00a0\u00bb global_colors_info=\u00a0\u00bb{}\u00a0\u00bb sticky_enabled=\u00a0\u00bb0&Prime; border_radii_last_edited=\u00a0\u00bbon|phone\u00a0\u00bb border_style_all=\u00a0\u00bbnone\u00a0\u00bb][\/et_pb_video][\/et_pb_column][et_pb_column type=\u00a0\u00bb1_2&Prime; _builder_version=\u00a0\u00bb4.27.2&Prime; _module_preset=\u00a0\u00bbdefault\u00a0\u00bb global_colors_info=\u00a0\u00bb{}\u00a0\u00bb][et_pb_video src=\u00a0\u00bbhttps:\/\/latinstudio.fr\/wp-content\/uploads\/2026\/04\/WhatsApp-Video-2026-04-12-at-23.41.25.mp4&Prime; _builder_version=\u00a0\u00bb4.27.6&Prime; _module_preset=\u00a0\u00bbdefault\u00a0\u00bb global_colors_info=\u00a0\u00bb{}\u00a0\u00bb][\/et_pb_video][\/et_pb_column][\/et_pb_row][\/et_pb_section]<\/p>\n","protected":false},"excerpt":{"rendered":"<p>AfrobeatAvec Eva et Soraia Ce qui \u00e9tait au d\u00e9part\u00a0un genre musical m\u00e9langeant Percussion Afro, Jazz et Funk, originaire du Nigeria cr\u00e9\u00e9\u00a0par Fela Kuti, est devenu un genre musical mixant sonorit\u00e9\u00a0Afro, Hip-Hop par tous les plus grands DJ. Cependant la\u00a0danse Afrobeatz est aussi impr\u00e9visible que la musique.\u00a0Ce cours vous permettra donc de d\u00e9couvrir, tout en vous [&hellip;]<\/p>\n","protected":false},"author":1,"featured_media":0,"parent":24,"menu_order":0,"comment_status":"closed","ping_status":"closed","template":"","meta":{"_et_pb_use_builder":"on","_et_pb_old_content":"","_et_gb_content_width":"","footnotes":""},"class_list":["post-410","page","type-page","status-publish","hentry"],"_links":{"self":[{"href":"https:\/\/latinstudio.fr\/index.php\/wp-json\/wp\/v2\/pages\/410","targetHints":{"allow":["GET"]}}],"collection":[{"href":"https:\/\/latinstudio.fr\/index.php\/wp-json\/wp\/v2\/pages"}],"about":[{"href":"https:\/\/latinstudio.fr\/index.php\/wp-json\/wp\/v2\/types\/page"}],"author":[{"embeddable":true,"href":"https:\/\/latinstudio.fr\/index.php\/wp-json\/wp\/v2\/users\/1"}],"replies":[{"embeddable":true,"href":"https:\/\/latinstudio.fr\/index.php\/wp-json\/wp\/v2\/comments?post=410"}],"version-history":[{"count":15,"href":"https:\/\/latinstudio.fr\/index.php\/wp-json\/wp\/v2\/pages\/410\/revisions"}],"predecessor-version":[{"id":1366,"href":"https:\/\/latinstudio.fr\/index.php\/wp-json\/wp\/v2\/pages\/410\/revisions\/1366"}],"up":[{"embeddable":true,"href":"https:\/\/latinstudio.fr\/index.php\/wp-json\/wp\/v2\/pages\/24"}],"wp:attachment":[{"href":"https:\/\/latinstudio.fr\/index.php\/wp-json\/wp\/v2\/media?parent=410"}],"curies":[{"name":"wp","href":"https:\/\/api.w.org\/{rel}","templated":true}]}}