{"id":347,"date":"2024-10-14T07:42:52","date_gmt":"2024-10-14T05:42:52","guid":{"rendered":"http:\/\/localhost:8888\/latinstudio\/?page_id=347"},"modified":"2025-07-20T14:20:45","modified_gmt":"2025-07-20T12:20:45","slug":"magoo","status":"publish","type":"page","link":"https:\/\/latinstudio.fr\/index.php\/notre-ecole\/lequipe\/magoo\/","title":{"rendered":"Magoo"},"content":{"rendered":"<p>[et_pb_section fb_built=\u00a0\u00bb1&Prime; _builder_version=\u00a0\u00bb4.27.2&Prime; _module_preset=\u00a0\u00bbdefault\u00a0\u00bb global_colors_info=\u00a0\u00bb{}\u00a0\u00bb][et_pb_row column_structure=\u00a0\u00bb1_2,1_2&Prime; _builder_version=\u00a0\u00bb4.17.3&Prime; _module_preset=\u00a0\u00bbdefault\u00a0\u00bb global_colors_info=\u00a0\u00bb{}\u00a0\u00bb][et_pb_column type=\u00a0\u00bb1_2&Prime; _builder_version=\u00a0\u00bb4.17.3&Prime; _module_preset=\u00a0\u00bbdefault\u00a0\u00bb custom_padding_tablet=\u00a0\u00bb80px||||false|false\u00a0\u00bb custom_padding_phone=\u00a0\u00bb0px||||false|false\u00a0\u00bb custom_padding_last_edited=\u00a0\u00bboff|desktop\u00a0\u00bb border_color_all=\u00a0\u00bb#d3d3d3&Prime; border_width_right=\u00a0\u00bb1px\u00a0\u00bb global_colors_info=\u00a0\u00bb{}\u00a0\u00bb][et_pb_text _builder_version=\u00a0\u00bb4.27.2&Prime; _module_preset=\u00a0\u00bbb327cbe4-b1d5-4b66-ad37-40c8f2f061ba\u00a0\u00bb header_2_font=\u00a0\u00bbInter|700|||||||\u00a0\u00bb header_2_text_color=\u00a0\u00bb#000000&Prime; header_2_font_size=\u00a0\u00bb48px\u00a0\u00bb header_2_line_height=\u00a0\u00bb1.2em\u00a0\u00bb custom_margin=\u00a0\u00bb||0px||false|false\u00a0\u00bb header_2_font_size_tablet=\u00a0\u00bb32px\u00a0\u00bb header_2_font_size_phone=\u00a0\u00bb20px\u00a0\u00bb header_2_font_size_last_edited=\u00a0\u00bbon|desktop\u00a0\u00bb global_colors_info=\u00a0\u00bb{}\u00a0\u00bb]<\/p>\n<h2>Magoo<\/h2>\n<p>[\/et_pb_text][et_pb_text _builder_version=\u00a0\u00bb4.27.4&Prime; _module_preset=\u00a0\u00bb1f09816e-184e-4ce5-a4cf-b39c52c423ca\u00a0\u00bb text_font=\u00a0\u00bbOpen Sans||||||||\u00a0\u00bb text_text_color=\u00a0\u00bb#000000&Prime; text_font_size=\u00a0\u00bb16px\u00a0\u00bb text_line_height=\u00a0\u00bb1.8em\u00a0\u00bb text_font_size_tablet=\u00a0\u00bb15px\u00a0\u00bb text_font_size_phone=\u00a0\u00bb14px\u00a0\u00bb text_font_size_last_edited=\u00a0\u00bbon|phone\u00a0\u00bb header_font_size_tablet=\u00a0\u00bb55px\u00a0\u00bb header_font_size_last_edited=\u00a0\u00bboff|desktop\u00a0\u00bb global_colors_info=\u00a0\u00bb{}\u00a0\u00bb]<\/p>\n<p style=\"text-align: justify;\">Danseuse, chor\u00e9graphe (Hip-Hop, Dancehall, Afrobeat, Gwoka, B\u00e9l\u00e9) Magoo enseigne la danse depuis 15 ans.<\/p>\n<p style=\"text-align: justify;\">Elle a pu parfaire son exp\u00e9rience \u00e0 travers son implication dans diverses compagnies, \u00e9coles de danse o\u00f9 encore aupr\u00e8s d&rsquo;artistes dans le cadre de concerts et de clips.<\/p>\n<p style=\"text-align: justify;\">Son univers afro-urbain m\u00e9lange bonne humeur, dynamisme et bonnes vibes.<\/p>\n<p>Cours:<\/p>\n<ul>\n<li>Dancehall fusion (tous niveaux): Le jeudi de 19h \u00e0 20h.<\/li>\n<li>Afrobeat fusion (tous niveaux): Le jeudi de 20h \u00e0 21h.<\/li>\n<\/ul>\n<p>[\/et_pb_text][\/et_pb_column][et_pb_column type=\u00a0\u00bb1_2&Prime; _builder_version=\u00a0\u00bb4.17.3&Prime; _module_preset=\u00a0\u00bbdefault\u00a0\u00bb global_colors_info=\u00a0\u00bb{}\u00a0\u00bb][et_pb_image src=\u00a0\u00bbhttps:\/\/latinstudio.yotipi.fr\/wp-content\/uploads\/2025\/07\/Magoo.jpg\u00a0\u00bb title_text=\u00a0\u00bbMagoo\u00a0\u00bb align=\u00a0\u00bbright\u00a0\u00bb _builder_version=\u00a0\u00bb4.27.4&Prime; _module_preset=\u00a0\u00bbdefault\u00a0\u00bb width=\u00a0\u00bb40%\u00a0\u00bb hover_enabled=\u00a0\u00bb0&Prime; global_colors_info=\u00a0\u00bb{}\u00a0\u00bb sticky_enabled=\u00a0\u00bb0&Prime;][\/et_pb_image][et_pb_image src=\u00a0\u00bbhttps:\/\/latinstudio.yotipi.fr\/wp-content\/uploads\/2025\/07\/Magoo_3.jpg\u00a0\u00bb title_text=\u00a0\u00bbMagoo_3&Prime; align=\u00a0\u00bbright\u00a0\u00bb _builder_version=\u00a0\u00bb4.27.4&Prime; _module_preset=\u00a0\u00bbdefault\u00a0\u00bb width=\u00a0\u00bb40%\u00a0\u00bb custom_margin=\u00a0\u00bb|10%|||false|false\u00a0\u00bb hover_enabled=\u00a0\u00bb0&Prime; global_colors_info=\u00a0\u00bb{}\u00a0\u00bb sticky_enabled=\u00a0\u00bb0&Prime;][\/et_pb_image][et_pb_image src=\u00a0\u00bbhttps:\/\/latinstudio.yotipi.fr\/wp-content\/uploads\/2025\/07\/Magoo_6.jpg\u00a0\u00bb title_text=\u00a0\u00bbMagoo_6&Prime; _builder_version=\u00a0\u00bb4.27.4&Prime; _module_preset=\u00a0\u00bbdefault\u00a0\u00bb positioning=\u00a0\u00bbabsolute\u00a0\u00bb width=\u00a0\u00bb44%\u00a0\u00bb custom_margin=\u00a0\u00bb20%||||false|false\u00a0\u00bb hover_enabled=\u00a0\u00bb0&Prime; global_colors_info=\u00a0\u00bb{}\u00a0\u00bb sticky_enabled=\u00a0\u00bb0&Prime;][\/et_pb_image][\/et_pb_column][\/et_pb_row][\/et_pb_section]<\/p>\n","protected":false},"excerpt":{"rendered":"<p>MagooDanseuse, chor\u00e9graphe (Hip-Hop, Dancehall, Afrobeat, Gwoka, B\u00e9l\u00e9) Magoo enseigne la danse depuis 15 ans. Elle a pu parfaire son exp\u00e9rience \u00e0 travers son implication dans diverses compagnies, \u00e9coles de danse o\u00f9 encore aupr\u00e8s d&rsquo;artistes dans le cadre de concerts et de clips. Son univers afro-urbain m\u00e9lange bonne humeur, dynamisme et bonnes vibes. Cours: Dancehall fusion [&hellip;]<\/p>\n","protected":false},"author":1,"featured_media":0,"parent":22,"menu_order":0,"comment_status":"closed","ping_status":"closed","template":"","meta":{"_et_pb_use_builder":"on","_et_pb_old_content":"","_et_gb_content_width":"","footnotes":""},"class_list":["post-347","page","type-page","status-publish","hentry"],"_links":{"self":[{"href":"https:\/\/latinstudio.fr\/index.php\/wp-json\/wp\/v2\/pages\/347","targetHints":{"allow":["GET"]}}],"collection":[{"href":"https:\/\/latinstudio.fr\/index.php\/wp-json\/wp\/v2\/pages"}],"about":[{"href":"https:\/\/latinstudio.fr\/index.php\/wp-json\/wp\/v2\/types\/page"}],"author":[{"embeddable":true,"href":"https:\/\/latinstudio.fr\/index.php\/wp-json\/wp\/v2\/users\/1"}],"replies":[{"embeddable":true,"href":"https:\/\/latinstudio.fr\/index.php\/wp-json\/wp\/v2\/comments?post=347"}],"version-history":[{"count":7,"href":"https:\/\/latinstudio.fr\/index.php\/wp-json\/wp\/v2\/pages\/347\/revisions"}],"predecessor-version":[{"id":797,"href":"https:\/\/latinstudio.fr\/index.php\/wp-json\/wp\/v2\/pages\/347\/revisions\/797"}],"up":[{"embeddable":true,"href":"https:\/\/latinstudio.fr\/index.php\/wp-json\/wp\/v2\/pages\/22"}],"wp:attachment":[{"href":"https:\/\/latinstudio.fr\/index.php\/wp-json\/wp\/v2\/media?parent=347"}],"curies":[{"name":"wp","href":"https:\/\/api.w.org\/{rel}","templated":true}]}}