{"id":341,"date":"2024-10-14T07:40:29","date_gmt":"2024-10-14T05:40:29","guid":{"rendered":"http:\/\/localhost:8888\/latinstudio\/?page_id=341"},"modified":"2026-01-06T13:42:24","modified_gmt":"2026-01-06T12:42:24","slug":"yvar","status":"publish","type":"page","link":"https:\/\/latinstudio.fr\/index.php\/notre-ecole\/lequipe\/yvar\/","title":{"rendered":"Yvar"},"content":{"rendered":"<p>[et_pb_section fb_built=\u00a0\u00bb1&Prime; _builder_version=\u00a0\u00bb4.27.2&Prime; _module_preset=\u00a0\u00bbdefault\u00a0\u00bb global_colors_info=\u00a0\u00bb{}\u00a0\u00bb][et_pb_row column_structure=\u00a0\u00bb1_2,1_2&Prime; _builder_version=\u00a0\u00bb4.17.3&Prime; _module_preset=\u00a0\u00bbdefault\u00a0\u00bb global_colors_info=\u00a0\u00bb{}\u00a0\u00bb][et_pb_column type=\u00a0\u00bb1_2&Prime; _builder_version=\u00a0\u00bb4.17.3&Prime; _module_preset=\u00a0\u00bbdefault\u00a0\u00bb custom_padding_tablet=\u00a0\u00bb80px||||false|false\u00a0\u00bb custom_padding_phone=\u00a0\u00bb0px||||false|false\u00a0\u00bb custom_padding_last_edited=\u00a0\u00bboff|desktop\u00a0\u00bb border_color_all=\u00a0\u00bb#d3d3d3&Prime; border_width_right=\u00a0\u00bb1px\u00a0\u00bb global_colors_info=\u00a0\u00bb{}\u00a0\u00bb][et_pb_text _builder_version=\u00a0\u00bb4.27.2&Prime; _module_preset=\u00a0\u00bbb327cbe4-b1d5-4b66-ad37-40c8f2f061ba\u00a0\u00bb header_2_font=\u00a0\u00bbInter|700|||||||\u00a0\u00bb header_2_text_color=\u00a0\u00bb#000000&Prime; header_2_font_size=\u00a0\u00bb48px\u00a0\u00bb header_2_line_height=\u00a0\u00bb1.2em\u00a0\u00bb custom_margin=\u00a0\u00bb||0px||false|false\u00a0\u00bb header_2_font_size_tablet=\u00a0\u00bb32px\u00a0\u00bb header_2_font_size_phone=\u00a0\u00bb20px\u00a0\u00bb header_2_font_size_last_edited=\u00a0\u00bbon|desktop\u00a0\u00bb global_colors_info=\u00a0\u00bb{}\u00a0\u00bb]<\/p>\n<h2>Yvar<\/h2>\n<p>[\/et_pb_text][et_pb_text _builder_version=\u00a0\u00bb4.27.5&Prime; _module_preset=\u00a0\u00bbdefault\u00a0\u00bb hover_enabled=\u00a0\u00bb0&Prime; sticky_enabled=\u00a0\u00bb0&Prime;]<\/p>\n<p><span style=\"color: #000000;\">Yvar MAMBO<\/span><br \/><span style=\"color: #000000;\">Passionn\u00e9 de danse depuis l&rsquo;enfance, Yvar Mambo est une figure incontournable de la sc\u00e8ne Kizomba, Semba et Afro depuis 2010. Acteur permanent et engag\u00e9, il a su marquer ces derni\u00e8res ann\u00e9es par son \u00e9nergie d\u00e9bordante et communicative, ainsi que par sa p\u00e9dagogie reconnue. Toujours \u00e0 l\u2019\u00e9coute de ses \u00e9l\u00e8ves, il transmet avec passion et g\u00e9n\u00e9rosit\u00e9 l\u2019art et la culture du Semba et de la Kizomba, faisant de chaque cours un moment riche en apprentissages et en convivialit\u00e9.<\/span><\/p>\n<p>[\/et_pb_text][et_pb_text _builder_version=\u00a0\u00bb4.27.2&Prime; _module_preset=\u00a0\u00bb1f09816e-184e-4ce5-a4cf-b39c52c423ca\u00a0\u00bb text_font=\u00a0\u00bbOpen Sans||||||||\u00a0\u00bb text_text_color=\u00a0\u00bb#000000&Prime; text_font_size=\u00a0\u00bb16px\u00a0\u00bb text_line_height=\u00a0\u00bb1.8em\u00a0\u00bb text_font_size_tablet=\u00a0\u00bb15px\u00a0\u00bb text_font_size_phone=\u00a0\u00bb14px\u00a0\u00bb text_font_size_last_edited=\u00a0\u00bbon|phone\u00a0\u00bb header_font_size_tablet=\u00a0\u00bb55px\u00a0\u00bb header_font_size_last_edited=\u00a0\u00bboff|desktop\u00a0\u00bb global_colors_info=\u00a0\u00bb{}\u00a0\u00bb]<\/p>\n<p>Cours:<\/p>\n<ul>\n<li>Kizomba d\u00e9butant: Le vendredi de 20h \u00e0 21h.<\/li>\n<li>Kizomba interm\u00e9diaire: Le vendredi de 21h \u00e0 22h.<\/li>\n<\/ul>\n<p>[\/et_pb_text][\/et_pb_column][et_pb_column type=\u00a0\u00bb1_2&Prime; _builder_version=\u00a0\u00bb4.17.3&Prime; _module_preset=\u00a0\u00bbdefault\u00a0\u00bb global_colors_info=\u00a0\u00bb{}\u00a0\u00bb][et_pb_image src=\u00a0\u00bbhttps:\/\/latinstudio.yotipi.fr\/wp-content\/uploads\/2025\/07\/Yvar_3.jpg\u00a0\u00bb title_text=\u00a0\u00bbYvar_3&Prime; align=\u00a0\u00bbright\u00a0\u00bb _builder_version=\u00a0\u00bb4.27.4&Prime; _module_preset=\u00a0\u00bbdefault\u00a0\u00bb width=\u00a0\u00bb40%\u00a0\u00bb global_colors_info=\u00a0\u00bb{}\u00a0\u00bb][\/et_pb_image][et_pb_image src=\u00a0\u00bbhttps:\/\/latinstudio.yotipi.fr\/wp-content\/uploads\/2025\/07\/Yvar.jpg\u00a0\u00bb title_text=\u00a0\u00bbYvar\u00a0\u00bb align=\u00a0\u00bbright\u00a0\u00bb _builder_version=\u00a0\u00bb4.27.4&Prime; _module_preset=\u00a0\u00bbdefault\u00a0\u00bb width=\u00a0\u00bb40%\u00a0\u00bb custom_margin=\u00a0\u00bb|10%|||false|false\u00a0\u00bb global_colors_info=\u00a0\u00bb{}\u00a0\u00bb][\/et_pb_image][et_pb_image src=\u00a0\u00bbhttps:\/\/latinstudio.yotipi.fr\/wp-content\/uploads\/2025\/07\/Yvar_2.jpg\u00a0\u00bb title_text=\u00a0\u00bbYvar_2&Prime; _builder_version=\u00a0\u00bb4.27.4&Prime; _module_preset=\u00a0\u00bbdefault\u00a0\u00bb positioning=\u00a0\u00bbabsolute\u00a0\u00bb width=\u00a0\u00bb44%\u00a0\u00bb custom_margin=\u00a0\u00bb20%||||false|false\u00a0\u00bb global_colors_info=\u00a0\u00bb{}\u00a0\u00bb][\/et_pb_image][\/et_pb_column][\/et_pb_row][\/et_pb_section]<\/p>\n","protected":false},"excerpt":{"rendered":"<p>YvarYvar MAMBOPassionn\u00e9 de danse depuis l&rsquo;enfance, Yvar Mambo est une figure incontournable de la sc\u00e8ne Kizomba, Semba et Afro depuis 2010. Acteur permanent et engag\u00e9, il a su marquer ces derni\u00e8res ann\u00e9es par son \u00e9nergie d\u00e9bordante et communicative, ainsi que par sa p\u00e9dagogie reconnue. Toujours \u00e0 l\u2019\u00e9coute de ses \u00e9l\u00e8ves, il transmet avec passion et [&hellip;]<\/p>\n","protected":false},"author":1,"featured_media":0,"parent":22,"menu_order":0,"comment_status":"closed","ping_status":"closed","template":"","meta":{"_et_pb_use_builder":"on","_et_pb_old_content":"","_et_gb_content_width":"","footnotes":""},"class_list":["post-341","page","type-page","status-publish","hentry"],"_links":{"self":[{"href":"https:\/\/latinstudio.fr\/index.php\/wp-json\/wp\/v2\/pages\/341","targetHints":{"allow":["GET"]}}],"collection":[{"href":"https:\/\/latinstudio.fr\/index.php\/wp-json\/wp\/v2\/pages"}],"about":[{"href":"https:\/\/latinstudio.fr\/index.php\/wp-json\/wp\/v2\/types\/page"}],"author":[{"embeddable":true,"href":"https:\/\/latinstudio.fr\/index.php\/wp-json\/wp\/v2\/users\/1"}],"replies":[{"embeddable":true,"href":"https:\/\/latinstudio.fr\/index.php\/wp-json\/wp\/v2\/comments?post=341"}],"version-history":[{"count":6,"href":"https:\/\/latinstudio.fr\/index.php\/wp-json\/wp\/v2\/pages\/341\/revisions"}],"predecessor-version":[{"id":1072,"href":"https:\/\/latinstudio.fr\/index.php\/wp-json\/wp\/v2\/pages\/341\/revisions\/1072"}],"up":[{"embeddable":true,"href":"https:\/\/latinstudio.fr\/index.php\/wp-json\/wp\/v2\/pages\/22"}],"wp:attachment":[{"href":"https:\/\/latinstudio.fr\/index.php\/wp-json\/wp\/v2\/media?parent=341"}],"curies":[{"name":"wp","href":"https:\/\/api.w.org\/{rel}","templated":true}]}}