{"id":328,"date":"2024-10-14T07:33:28","date_gmt":"2024-10-14T05:33:28","guid":{"rendered":"http:\/\/localhost:8888\/latinstudio\/?page_id=328"},"modified":"2025-08-30T16:44:36","modified_gmt":"2025-08-30T14:44:36","slug":"mabu","status":"publish","type":"page","link":"https:\/\/latinstudio.fr\/index.php\/notre-ecole\/lequipe\/mabu\/","title":{"rendered":"Mabu"},"content":{"rendered":"<p>[et_pb_section fb_built=\u00a0\u00bb1&Prime; _builder_version=\u00a0\u00bb4.27.2&Prime; _module_preset=\u00a0\u00bbdefault\u00a0\u00bb global_colors_info=\u00a0\u00bb{}\u00a0\u00bb][et_pb_row column_structure=\u00a0\u00bb1_2,1_2&Prime; _builder_version=\u00a0\u00bb4.17.3&Prime; _module_preset=\u00a0\u00bbdefault\u00a0\u00bb global_colors_info=\u00a0\u00bb{}\u00a0\u00bb][et_pb_column type=\u00a0\u00bb1_2&Prime; _builder_version=\u00a0\u00bb4.17.3&Prime; _module_preset=\u00a0\u00bbdefault\u00a0\u00bb custom_padding_tablet=\u00a0\u00bb80px||||false|false\u00a0\u00bb custom_padding_phone=\u00a0\u00bb0px||||false|false\u00a0\u00bb custom_padding_last_edited=\u00a0\u00bboff|desktop\u00a0\u00bb border_color_all=\u00a0\u00bb#d3d3d3&Prime; border_width_right=\u00a0\u00bb1px\u00a0\u00bb global_colors_info=\u00a0\u00bb{}\u00a0\u00bb][et_pb_text _builder_version=\u00a0\u00bb4.27.2&Prime; _module_preset=\u00a0\u00bbb327cbe4-b1d5-4b66-ad37-40c8f2f061ba\u00a0\u00bb header_2_font=\u00a0\u00bbInter|700|||||||\u00a0\u00bb header_2_text_color=\u00a0\u00bb#000000&Prime; header_2_font_size=\u00a0\u00bb48px\u00a0\u00bb header_2_line_height=\u00a0\u00bb1.2em\u00a0\u00bb custom_margin=\u00a0\u00bb||0px||false|false\u00a0\u00bb header_2_font_size_tablet=\u00a0\u00bb32px\u00a0\u00bb header_2_font_size_phone=\u00a0\u00bb20px\u00a0\u00bb header_2_font_size_last_edited=\u00a0\u00bbon|desktop\u00a0\u00bb global_colors_info=\u00a0\u00bb{}\u00a0\u00bb]<\/p>\n<h2>Mabu<\/h2>\n<p>[\/et_pb_text][et_pb_text _builder_version=\u00a0\u00bb4.27.4&Prime; _module_preset=\u00a0\u00bb1f09816e-184e-4ce5-a4cf-b39c52c423ca\u00a0\u00bb text_font=\u00a0\u00bbOpen Sans||||||||\u00a0\u00bb text_text_color=\u00a0\u00bb#000000&Prime; text_font_size=\u00a0\u00bb16px\u00a0\u00bb text_line_height=\u00a0\u00bb1.8em\u00a0\u00bb text_font_size_tablet=\u00a0\u00bb15px\u00a0\u00bb text_font_size_phone=\u00a0\u00bb14px\u00a0\u00bb text_font_size_last_edited=\u00a0\u00bbon|phone\u00a0\u00bb header_font_size_tablet=\u00a0\u00bb55px\u00a0\u00bb header_font_size_last_edited=\u00a0\u00bboff|desktop\u00a0\u00bb global_colors_info=\u00a0\u00bb{}\u00a0\u00bb]<\/p>\n<p style=\"text-align: justify;\">Professeur autodidacte de danse urbaines et exp\u00e9rimentales et \u00e9voluant artistiquement depuis 12 ans, Mabu partage son exp\u00e9rience du ressentie et de la place du corps dans toute sorte d\u2019\u00e9nergie urbaine hip-hop et abstraite.<\/p>\n<p style=\"text-align: justify;\">Il est professeur de Hip-Hop au Latin Studio depuis de nombreuses ann\u00e9es aupr\u00e8s des enfants et des adolescents. La patience et l&rsquo;\u00e9coute sont deux grandes qualit\u00e9s qu&rsquo;il poss\u00e8de afin de mener son cours de danse dans la bienveillance et le respect. Il saura faire progresser vos enfants et les amener \u00e0 se d\u00e9passer dans un cadre agr\u00e9able et rassurant.<\/p>\n<p>Cours:<\/p>\n<ul>\n<li>Danse Exp\u00e9rimentale: Le vendredi de 20h \u00e0 22h<\/li>\n<\/ul>\n<p>[\/et_pb_text][\/et_pb_column][et_pb_column type=\u00a0\u00bb1_2&Prime; _builder_version=\u00a0\u00bb4.17.3&Prime; _module_preset=\u00a0\u00bbdefault\u00a0\u00bb global_colors_info=\u00a0\u00bb{}\u00a0\u00bb][et_pb_image src=\u00a0\u00bbhttps:\/\/latinstudio.yotipi.fr\/wp-content\/uploads\/2025\/07\/Mabu_3.jpg\u00a0\u00bb title_text=\u00a0\u00bbMabu_3&Prime; align=\u00a0\u00bbright\u00a0\u00bb _builder_version=\u00a0\u00bb4.27.4&Prime; _module_preset=\u00a0\u00bbdefault\u00a0\u00bb width=\u00a0\u00bb40%\u00a0\u00bb global_colors_info=\u00a0\u00bb{}\u00a0\u00bb][\/et_pb_image][et_pb_image src=\u00a0\u00bbhttps:\/\/latinstudio.yotipi.fr\/wp-content\/uploads\/2025\/07\/Mabu_2.jpg\u00a0\u00bb title_text=\u00a0\u00bbMabu_2&Prime; _builder_version=\u00a0\u00bb4.27.4&Prime; _module_preset=\u00a0\u00bbdefault\u00a0\u00bb positioning=\u00a0\u00bbabsolute\u00a0\u00bb width=\u00a0\u00bb44%\u00a0\u00bb custom_margin=\u00a0\u00bb20%||||false|false\u00a0\u00bb global_colors_info=\u00a0\u00bb{}\u00a0\u00bb][\/et_pb_image][et_pb_image src=\u00a0\u00bbhttps:\/\/latinstudio.yotipi.fr\/wp-content\/uploads\/2025\/07\/Mabu_4.jpg\u00a0\u00bb title_text=\u00a0\u00bbMabu_4&Prime; align=\u00a0\u00bbright\u00a0\u00bb _builder_version=\u00a0\u00bb4.27.4&Prime; _module_preset=\u00a0\u00bbdefault\u00a0\u00bb width=\u00a0\u00bb40%\u00a0\u00bb custom_margin=\u00a0\u00bb|10%|||false|false\u00a0\u00bb global_colors_info=\u00a0\u00bb{}\u00a0\u00bb][\/et_pb_image][\/et_pb_column][\/et_pb_row][\/et_pb_section]<\/p>\n","protected":false},"excerpt":{"rendered":"<p>MabuProfesseur autodidacte de danse urbaines et exp\u00e9rimentales et \u00e9voluant artistiquement depuis 12 ans, Mabu partage son exp\u00e9rience du ressentie et de la place du corps dans toute sorte d\u2019\u00e9nergie urbaine hip-hop et abstraite. Il est professeur de Hip-Hop au Latin Studio depuis de nombreuses ann\u00e9es aupr\u00e8s des enfants et des adolescents. La patience et l&rsquo;\u00e9coute [&hellip;]<\/p>\n","protected":false},"author":1,"featured_media":0,"parent":22,"menu_order":0,"comment_status":"closed","ping_status":"closed","template":"","meta":{"_et_pb_use_builder":"on","_et_pb_old_content":"","_et_gb_content_width":"","footnotes":""},"class_list":["post-328","page","type-page","status-publish","hentry"],"_links":{"self":[{"href":"https:\/\/latinstudio.fr\/index.php\/wp-json\/wp\/v2\/pages\/328","targetHints":{"allow":["GET"]}}],"collection":[{"href":"https:\/\/latinstudio.fr\/index.php\/wp-json\/wp\/v2\/pages"}],"about":[{"href":"https:\/\/latinstudio.fr\/index.php\/wp-json\/wp\/v2\/types\/page"}],"author":[{"embeddable":true,"href":"https:\/\/latinstudio.fr\/index.php\/wp-json\/wp\/v2\/users\/1"}],"replies":[{"embeddable":true,"href":"https:\/\/latinstudio.fr\/index.php\/wp-json\/wp\/v2\/comments?post=328"}],"version-history":[{"count":8,"href":"https:\/\/latinstudio.fr\/index.php\/wp-json\/wp\/v2\/pages\/328\/revisions"}],"predecessor-version":[{"id":1027,"href":"https:\/\/latinstudio.fr\/index.php\/wp-json\/wp\/v2\/pages\/328\/revisions\/1027"}],"up":[{"embeddable":true,"href":"https:\/\/latinstudio.fr\/index.php\/wp-json\/wp\/v2\/pages\/22"}],"wp:attachment":[{"href":"https:\/\/latinstudio.fr\/index.php\/wp-json\/wp\/v2\/media?parent=328"}],"curies":[{"name":"wp","href":"https:\/\/api.w.org\/{rel}","templated":true}]}}