{"id":26,"date":"2024-10-01T20:38:27","date_gmt":"2024-10-01T18:38:27","guid":{"rendered":"http:\/\/localhost:8888\/latinstudio\/?page_id=26"},"modified":"2026-04-12T10:42:21","modified_gmt":"2026-04-12T08:42:21","slug":"le-lieu","status":"publish","type":"page","link":"https:\/\/latinstudio.fr\/index.php\/notre-ecole\/le-lieu\/","title":{"rendered":"Le lieu"},"content":{"rendered":"<p>[et_pb_section fb_built=\u00a0\u00bb1&Prime; _builder_version=\u00a0\u00bb4.27.2&Prime; _module_preset=\u00a0\u00bbdefault\u00a0\u00bb global_colors_info=\u00a0\u00bb{}\u00a0\u00bb][et_pb_row column_structure=\u00a0\u00bb1_2,1_2&Prime; _builder_version=\u00a0\u00bb4.17.3&Prime; _module_preset=\u00a0\u00bbdefault\u00a0\u00bb global_colors_info=\u00a0\u00bb{}\u00a0\u00bb][et_pb_column type=\u00a0\u00bb1_2&Prime; _builder_version=\u00a0\u00bb4.17.3&Prime; _module_preset=\u00a0\u00bbdefault\u00a0\u00bb custom_padding_tablet=\u00a0\u00bb80px||||false|false\u00a0\u00bb custom_padding_phone=\u00a0\u00bb0px||||false|false\u00a0\u00bb custom_padding_last_edited=\u00a0\u00bboff|desktop\u00a0\u00bb border_color_all=\u00a0\u00bb#d3d3d3&Prime; border_width_right=\u00a0\u00bb1px\u00a0\u00bb global_colors_info=\u00a0\u00bb{}\u00a0\u00bb][et_pb_text _builder_version=\u00a0\u00bb4.27.4&Prime; _module_preset=\u00a0\u00bb1f09816e-184e-4ce5-a4cf-b39c52c423ca\u00a0\u00bb text_font=\u00a0\u00bbOpen Sans||||||||\u00a0\u00bb text_text_color=\u00a0\u00bb#000000&Prime; text_font_size=\u00a0\u00bb16px\u00a0\u00bb text_line_height=\u00a0\u00bb1.8em\u00a0\u00bb text_font_size_tablet=\u00a0\u00bb15px\u00a0\u00bb text_font_size_phone=\u00a0\u00bb14px\u00a0\u00bb text_font_size_last_edited=\u00a0\u00bbon|phone\u00a0\u00bb header_font_size_tablet=\u00a0\u00bb55px\u00a0\u00bb header_font_size_last_edited=\u00a0\u00bboff|desktop\u00a0\u00bb global_colors_info=\u00a0\u00bb{}\u00a0\u00bb]<\/p>\n<p style=\"text-align: justify;\">Le Latin Studio est une \u00e9cole de danse situ\u00e9e au :<br \/>211 Rue Paul et Camille Thomoux \u00e0 Neuilly sur Marne.<\/p>\n<p style=\"text-align: justify;\">L&rsquo;\u00e9cole se compose de 3 belles salles de danse, propres et agr\u00e9ables r\u00e9guli\u00e8rement entretenues, pour que chacune et chacun d&rsquo;entre-vous s&rsquo;y sente bien et passe un bon moment.<\/p>\n<p style=\"text-align: justify;\">Salle 1: Salle de 120m2.<\/p>\n<p style=\"text-align: justify;\">Salle 2: Salle de 65m2.<\/p>\n<p style=\"text-align: justify;\">Salle 3: Salle de 90m2.<\/p>\n<p style=\"text-align: justify;\">Les 3 salles de danse sont toutes \u00e9quip\u00e9es d&rsquo;un parquet, de miroir, d&rsquo;une sono, ainsi que de meubles de rangement pour y d\u00e9poser vos affaires pendant les cours.<\/p>\n<p style=\"text-align: justify;\">Il y a \u00e9galement 2 toilettes avec point d&rsquo;eau et 2 petits vestiaires qui sont mis \u00e0 votre disposition.<\/p>\n<p style=\"text-align: justify;\">Le Latin Studio poss\u00e8de \u00e9galement une petite terrasse o\u00f9 vous pourrez patienter avant le d\u00e9but de votre cours pr\u00e9f\u00e9r\u00e9 ou \u00e9changer avec les autres \u00e9l\u00e8ves en sortant de celui-ci.<\/p>\n<p>[\/et_pb_text][\/et_pb_column][et_pb_column type=\u00a0\u00bb1_2&Prime; _builder_version=\u00a0\u00bb4.17.3&Prime; _module_preset=\u00a0\u00bbdefault\u00a0\u00bb global_colors_info=\u00a0\u00bb{}\u00a0\u00bb][et_pb_gallery gallery_ids=\u00a0\u00bb1149&Prime; posts_number=\u00a0\u00bb1&Prime; show_pagination=\u00a0\u00bboff\u00a0\u00bb _builder_version=\u00a0\u00bb4.27.6&Prime; _module_preset=\u00a0\u00bbdefault\u00a0\u00bb global_colors_info=\u00a0\u00bb{}\u00a0\u00bb][\/et_pb_gallery][et_pb_gallery gallery_ids=\u00a0\u00bb1150&Prime; posts_number=\u00a0\u00bb1&Prime; show_pagination=\u00a0\u00bboff\u00a0\u00bb _builder_version=\u00a0\u00bb4.27.6&Prime; _module_preset=\u00a0\u00bbdefault\u00a0\u00bb hover_enabled=\u00a0\u00bb0&Prime; global_colors_info=\u00a0\u00bb{}\u00a0\u00bb sticky_enabled=\u00a0\u00bb0&Prime;][\/et_pb_gallery][et_pb_gallery gallery_ids=\u00a0\u00bb1148&Prime; posts_number=\u00a0\u00bb1&Prime; show_pagination=\u00a0\u00bboff\u00a0\u00bb _builder_version=\u00a0\u00bb4.27.6&Prime; _module_preset=\u00a0\u00bbdefault\u00a0\u00bb hover_enabled=\u00a0\u00bb0&Prime; global_colors_info=\u00a0\u00bb{}\u00a0\u00bb sticky_enabled=\u00a0\u00bb0&Prime;][\/et_pb_gallery][\/et_pb_column][\/et_pb_row][\/et_pb_section]<\/p>\n","protected":false},"excerpt":{"rendered":"<p>Le Latin Studio est une \u00e9cole de danse situ\u00e9e au :211 Rue Paul et Camille Thomoux \u00e0 Neuilly sur Marne. L&rsquo;\u00e9cole se compose de 3 belles salles de danse, propres et agr\u00e9ables r\u00e9guli\u00e8rement entretenues, pour que chacune et chacun d&rsquo;entre-vous s&rsquo;y sente bien et passe un bon moment. Salle 1: Salle de 120m2. Salle 2: [&hellip;]<\/p>\n","protected":false},"author":1,"featured_media":0,"parent":10,"menu_order":0,"comment_status":"closed","ping_status":"closed","template":"","meta":{"_et_pb_use_builder":"on","_et_pb_old_content":"","_et_gb_content_width":"","footnotes":""},"class_list":["post-26","page","type-page","status-publish","hentry"],"_links":{"self":[{"href":"https:\/\/latinstudio.fr\/index.php\/wp-json\/wp\/v2\/pages\/26","targetHints":{"allow":["GET"]}}],"collection":[{"href":"https:\/\/latinstudio.fr\/index.php\/wp-json\/wp\/v2\/pages"}],"about":[{"href":"https:\/\/latinstudio.fr\/index.php\/wp-json\/wp\/v2\/types\/page"}],"author":[{"embeddable":true,"href":"https:\/\/latinstudio.fr\/index.php\/wp-json\/wp\/v2\/users\/1"}],"replies":[{"embeddable":true,"href":"https:\/\/latinstudio.fr\/index.php\/wp-json\/wp\/v2\/comments?post=26"}],"version-history":[{"count":12,"href":"https:\/\/latinstudio.fr\/index.php\/wp-json\/wp\/v2\/pages\/26\/revisions"}],"predecessor-version":[{"id":1258,"href":"https:\/\/latinstudio.fr\/index.php\/wp-json\/wp\/v2\/pages\/26\/revisions\/1258"}],"up":[{"embeddable":true,"href":"https:\/\/latinstudio.fr\/index.php\/wp-json\/wp\/v2\/pages\/10"}],"wp:attachment":[{"href":"https:\/\/latinstudio.fr\/index.php\/wp-json\/wp\/v2\/media?parent=26"}],"curies":[{"name":"wp","href":"https:\/\/api.w.org\/{rel}","templated":true}]}}