{"id":188,"date":"2024-10-11T01:58:30","date_gmt":"2024-10-10T23:58:30","guid":{"rendered":"http:\/\/localhost:8888\/latinstudio\/?page_id=188"},"modified":"2025-07-27T12:07:38","modified_gmt":"2025-07-27T10:07:38","slug":"a-propos","status":"publish","type":"page","link":"https:\/\/latinstudio.fr\/index.php\/notre-ecole\/a-propos\/","title":{"rendered":"A propos"},"content":{"rendered":"<p>[et_pb_section fb_built=\u00a0\u00bb1&Prime; theme_builder_area=\u00a0\u00bbpost_content\u00a0\u00bb _builder_version=\u00a0\u00bb4.27.2&Prime; _module_preset=\u00a0\u00bbdefault\u00a0\u00bb][et_pb_row _builder_version=\u00a0\u00bb4.27.2&Prime; _module_preset=\u00a0\u00bbdefault\u00a0\u00bb theme_builder_area=\u00a0\u00bbpost_content\u00a0\u00bb][et_pb_column _builder_version=\u00a0\u00bb4.27.2&Prime; _module_preset=\u00a0\u00bbdefault\u00a0\u00bb type=\u00a0\u00bb4_4&Prime; theme_builder_area=\u00a0\u00bbpost_content\u00a0\u00bb][et_pb_text _builder_version=\u00a0\u00bb4.27.2&Prime; _module_preset=\u00a0\u00bbdefault\u00a0\u00bb theme_builder_area=\u00a0\u00bbpost_content\u00a0\u00bb hover_enabled=\u00a0\u00bb0&Prime; sticky_enabled=\u00a0\u00bb0&Prime;]<\/p>\n<p style=\"text-align: center;\">BIENVENUE AU LATIN STUDIO !<\/p>\n<p>Le Latin Studio est bien plus qu\u2019une \u00e9cole de danse, c\u2019est un centre d\u2019arts vivants et d\u2019enseignement culturel fond\u00e9 par David Tima en 2008, o\u00f9 se m\u00ealent les danses venant des quatre coin du monde, dans toute leur diversit\u00e9.<\/p>\n<p>Ce lieu de rencontre permet \u00e0 ceux qui osent de faire leur premiers pas de danse. Ainsi, de l\u2019\u00e9l\u00e8ve d\u00e9butant, au danseur confirm\u00e9, chacun trouve sa place au sein de cette \u00e9cole qui propose des cours allant de l\u2019initiation, au niveau avanc\u00e9, le tout dans une ambiance chaleureuse et conviviale.<\/p>\n<p>Le Latin Studio rassemblent une \u00e9quipe de 20 professeurs de danse, toutes et tous s\u00e9lectionn\u00e9s pour leur p\u00e9dagogie, leur passion, leurs comp\u00e9tences et leurs valeurs humaines.<\/p>\n<p>Venez tester les cours et apprenez la danse qui vous fait envie ! Notre \u00e9quipes dynamiques et passionn\u00e9es vous attend pour partager avec vous des moments uniques et intenses au travers de la danse.<\/p>\n<p>Plusieurs spectacles et repr\u00e9sentations ont lieu au cours de l\u2019ann\u00e9e. Ils sont l\u2019occasion pour les \u00e9l\u00e8ves de monter sur sc\u00e8ne pour d\u00e9voiler leurs talents et pourquoi pas, susciter une passion chez les spectateurs.<\/p>\n<p>Vous souhaitez faire de belles rencontres au travers de la danse , partager, \u00e9changer ?<\/p>\n<p><center><strong>Oser franchir le pas, l\u2019\u00e9quipe du Latin Studio vous attend!!!!<\/strong><\/center><\/p>\n<p>&nbsp;<\/p>\n<p>[\/et_pb_text][\/et_pb_column][\/et_pb_row][\/et_pb_section]<\/p>\n","protected":false},"excerpt":{"rendered":"<p>BIENVENUE AU LATIN STUDIO ! Le Latin Studio est bien plus qu\u2019une \u00e9cole de danse, c\u2019est un centre d\u2019arts vivants et d\u2019enseignement culturel fond\u00e9 par David Tima en 2008, o\u00f9 se m\u00ealent les danses venant des quatre coin du monde, dans toute leur diversit\u00e9. Ce lieu de rencontre permet \u00e0 ceux qui osent de faire [&hellip;]<\/p>\n","protected":false},"author":1,"featured_media":0,"parent":10,"menu_order":0,"comment_status":"closed","ping_status":"closed","template":"","meta":{"_et_pb_use_builder":"on","_et_pb_old_content":"","_et_gb_content_width":"","footnotes":""},"class_list":["post-188","page","type-page","status-publish","hentry"],"_links":{"self":[{"href":"https:\/\/latinstudio.fr\/index.php\/wp-json\/wp\/v2\/pages\/188","targetHints":{"allow":["GET"]}}],"collection":[{"href":"https:\/\/latinstudio.fr\/index.php\/wp-json\/wp\/v2\/pages"}],"about":[{"href":"https:\/\/latinstudio.fr\/index.php\/wp-json\/wp\/v2\/types\/page"}],"author":[{"embeddable":true,"href":"https:\/\/latinstudio.fr\/index.php\/wp-json\/wp\/v2\/users\/1"}],"replies":[{"embeddable":true,"href":"https:\/\/latinstudio.fr\/index.php\/wp-json\/wp\/v2\/comments?post=188"}],"version-history":[{"count":3,"href":"https:\/\/latinstudio.fr\/index.php\/wp-json\/wp\/v2\/pages\/188\/revisions"}],"predecessor-version":[{"id":196,"href":"https:\/\/latinstudio.fr\/index.php\/wp-json\/wp\/v2\/pages\/188\/revisions\/196"}],"up":[{"embeddable":true,"href":"https:\/\/latinstudio.fr\/index.php\/wp-json\/wp\/v2\/pages\/10"}],"wp:attachment":[{"href":"https:\/\/latinstudio.fr\/index.php\/wp-json\/wp\/v2\/media?parent=188"}],"curies":[{"name":"wp","href":"https:\/\/api.w.org\/{rel}","templated":true}]}}