{"id":1295,"date":"2026-04-12T23:48:31","date_gmt":"2026-04-12T21:48:31","guid":{"rendered":"http:\/\/localhost:8888\/latinstudioyotipi\/?page_id=1295"},"modified":"2026-04-13T00:13:03","modified_gmt":"2026-04-12T22:13:03","slug":"mentions-legales","status":"publish","type":"page","link":"https:\/\/latinstudio.fr\/index.php\/mentions-legales\/","title":{"rendered":"Mentions l\u00e9gales"},"content":{"rendered":"<p>[et_pb_section fb_built=\u00a0\u00bb1&Prime; theme_builder_area=\u00a0\u00bbpost_content\u00a0\u00bb _builder_version=\u00a0\u00bb4.27.6&Prime; _module_preset=\u00a0\u00bbdefault\u00a0\u00bb][et_pb_row _builder_version=\u00a0\u00bb4.27.6&Prime; _module_preset=\u00a0\u00bbdefault\u00a0\u00bb theme_builder_area=\u00a0\u00bbpost_content\u00a0\u00bb][et_pb_column _builder_version=\u00a0\u00bb4.27.6&Prime; _module_preset=\u00a0\u00bbdefault\u00a0\u00bb type=\u00a0\u00bb4_4&Prime; theme_builder_area=\u00a0\u00bbpost_content\u00a0\u00bb][et_pb_text _builder_version=\u00a0\u00bb4.27.6&Prime; _module_preset=\u00a0\u00bbdefault\u00a0\u00bb theme_builder_area=\u00a0\u00bbpost_content\u00a0\u00bb hover_enabled=\u00a0\u00bb0&Prime; sticky_enabled=\u00a0\u00bb0&Prime;]<\/p>\n<h1 style=\"text-align: center;\"><span style=\"color: #000000;\"><strong>Mentions l\u00e9gales<\/strong><\/span><\/h1>\n<p>[\/et_pb_text][\/et_pb_column][\/et_pb_row][et_pb_row _builder_version=\u00a0\u00bb4.27.6&Prime; _module_preset=\u00a0\u00bbdefault\u00a0\u00bb theme_builder_area=\u00a0\u00bbpost_content\u00a0\u00bb][et_pb_column _builder_version=\u00a0\u00bb4.27.6&Prime; _module_preset=\u00a0\u00bbdefault\u00a0\u00bb type=\u00a0\u00bb4_4&Prime; theme_builder_area=\u00a0\u00bbpost_content\u00a0\u00bb][et_pb_text _builder_version=\u00a0\u00bb4.27.6&Prime; _module_preset=\u00a0\u00bbdefault\u00a0\u00bb theme_builder_area=\u00a0\u00bbpost_content\u00a0\u00bb hover_enabled=\u00a0\u00bb0&Prime; sticky_enabled=\u00a0\u00bb0&Prime;]<\/p>\n<p><span style=\"color: #000000;\">Nom de l\u2019association : Latin Studio<\/span><\/p>\n<p><span style=\"color: #000000;\">Adresse : 212\/213 AVENUE PAUL ET CAMILLE THOMOUX, 93330 NEUILLY-SUR-MARNE<\/span><\/p>\n<p><span style=\"color: #000000;\">Num\u00e9ro de t\u00e9l\u00e9phone : 06.34.43.80.17<\/span><\/p>\n<p><span style=\"color: #000000;\">Forme juridique : Association d\u00e9clar\u00e9e<\/span><\/p>\n<p><span style=\"color: #000000;\">SIRET : 51176572900013<\/span><\/p>\n<p><span style=\"color: #000000;\">N\u00b0 RNA : W932002137<\/span><\/p>\n<p><span style=\"color: #000000;\">H\u00e9bergeur du site :<br \/>LWS<br \/>10 rue Penthi\u00e8vre<br \/>75008 Paris<\/span><\/p>\n<p>[\/et_pb_text][\/et_pb_column][\/et_pb_row][et_pb_row _builder_version=\u00a0\u00bb4.27.6&Prime; _module_preset=\u00a0\u00bbdefault\u00a0\u00bb theme_builder_area=\u00a0\u00bbpost_content\u00a0\u00bb][et_pb_column _builder_version=\u00a0\u00bb4.27.6&Prime; _module_preset=\u00a0\u00bbdefault\u00a0\u00bb type=\u00a0\u00bb4_4&Prime; theme_builder_area=\u00a0\u00bbpost_content\u00a0\u00bb][et_pb_text _builder_version=\u00a0\u00bb4.27.6&Prime; _module_preset=\u00a0\u00bbdefault\u00a0\u00bb theme_builder_area=\u00a0\u00bbpost_content\u00a0\u00bb hover_enabled=\u00a0\u00bb0&Prime; sticky_enabled=\u00a0\u00bb0&Prime;]<\/p>\n<p style=\"text-align: left;\"><span style=\"color: #000000;\"><span style=\"text-decoration: underline;\">Donn\u00e9es personnelles<\/span><br \/><\/span><span style=\"color: #000000;\"><span>Les informations collect\u00e9es via le site (formulaire de contact) sont destin\u00e9es uniquement \u00e0 Latin Studio et ne sont pas revendues.<\/span><\/span><\/p>\n<p>[\/et_pb_text][\/et_pb_column][\/et_pb_row][et_pb_row _builder_version=\u00a0\u00bb4.27.6&Prime; _module_preset=\u00a0\u00bbdefault\u00a0\u00bb theme_builder_area=\u00a0\u00bbpost_content\u00a0\u00bb][et_pb_column _builder_version=\u00a0\u00bb4.27.6&Prime; _module_preset=\u00a0\u00bbdefault\u00a0\u00bb type=\u00a0\u00bb4_4&Prime; theme_builder_area=\u00a0\u00bbpost_content\u00a0\u00bb][et_pb_text _builder_version=\u00a0\u00bb4.27.6&Prime; _module_preset=\u00a0\u00bbdefault\u00a0\u00bb theme_builder_area=\u00a0\u00bbpost_content\u00a0\u00bb hover_enabled=\u00a0\u00bb0&Prime; sticky_enabled=\u00a0\u00bb0&Prime;]<\/p>\n<p><span style=\"color: #000000;\"><span style=\"text-decoration: underline;\">Propri\u00e9t\u00e9 intellectuelle<\/span><br \/><\/span><span style=\"color: #000000;\"><span>Les contenus du site (logo, photos, vid\u00e9os) sont prot\u00e9g\u00e9s et ne peuvent \u00eatre r\u00e9utilis\u00e9s sans autorisation.<\/span><\/span><span style=\"color: #000000;\"><span><\/span><\/span><\/p>\n<p>[\/et_pb_text][\/et_pb_column][\/et_pb_row][\/et_pb_section]<\/p>\n","protected":false},"excerpt":{"rendered":"<p>Mentions l\u00e9galesNom de l\u2019association : Latin Studio Adresse : 212\/213 AVENUE PAUL ET CAMILLE THOMOUX, 93330 NEUILLY-SUR-MARNE Num\u00e9ro de t\u00e9l\u00e9phone : 06.34.43.80.17 Forme juridique : Association d\u00e9clar\u00e9e SIRET : 51176572900013 N\u00b0 RNA : W932002137 H\u00e9bergeur du site :LWS10 rue Penthi\u00e8vre75008 ParisDonn\u00e9es personnellesLes informations collect\u00e9es via le site (formulaire de contact) sont destin\u00e9es uniquement \u00e0 Latin [&hellip;]<\/p>\n","protected":false},"author":1,"featured_media":0,"parent":0,"menu_order":0,"comment_status":"closed","ping_status":"closed","template":"","meta":{"_et_pb_use_builder":"on","_et_pb_old_content":"","_et_gb_content_width":"","footnotes":""},"class_list":["post-1295","page","type-page","status-publish","hentry"],"_links":{"self":[{"href":"https:\/\/latinstudio.fr\/index.php\/wp-json\/wp\/v2\/pages\/1295","targetHints":{"allow":["GET"]}}],"collection":[{"href":"https:\/\/latinstudio.fr\/index.php\/wp-json\/wp\/v2\/pages"}],"about":[{"href":"https:\/\/latinstudio.fr\/index.php\/wp-json\/wp\/v2\/types\/page"}],"author":[{"embeddable":true,"href":"https:\/\/latinstudio.fr\/index.php\/wp-json\/wp\/v2\/users\/1"}],"replies":[{"embeddable":true,"href":"https:\/\/latinstudio.fr\/index.php\/wp-json\/wp\/v2\/comments?post=1295"}],"version-history":[{"count":3,"href":"https:\/\/latinstudio.fr\/index.php\/wp-json\/wp\/v2\/pages\/1295\/revisions"}],"predecessor-version":[{"id":1299,"href":"https:\/\/latinstudio.fr\/index.php\/wp-json\/wp\/v2\/pages\/1295\/revisions\/1299"}],"wp:attachment":[{"href":"https:\/\/latinstudio.fr\/index.php\/wp-json\/wp\/v2\/media?parent=1295"}],"curies":[{"name":"wp","href":"https:\/\/api.w.org\/{rel}","templated":true}]}}