{"id":1277,"date":"2026-04-12T23:12:50","date_gmt":"2026-04-12T21:12:50","guid":{"rendered":"http:\/\/localhost:8888\/latinstudioyotipi\/?page_id=1277"},"modified":"2026-04-12T23:16:59","modified_gmt":"2026-04-12T21:16:59","slug":"mykimy","status":"publish","type":"page","link":"https:\/\/latinstudio.fr\/index.php\/notre-ecole\/lequipe\/mykimy\/","title":{"rendered":"Mykimy"},"content":{"rendered":"<p>[et_pb_section fb_built=\u00a0\u00bb1&Prime; _builder_version=\u00a0\u00bb4.27.2&Prime; _module_preset=\u00a0\u00bbdefault\u00a0\u00bb global_colors_info=\u00a0\u00bb{}\u00a0\u00bb theme_builder_area=\u00a0\u00bbpost_content\u00a0\u00bb][et_pb_row column_structure=\u00a0\u00bb1_2,1_2&Prime; _builder_version=\u00a0\u00bb4.17.3&Prime; _module_preset=\u00a0\u00bbdefault\u00a0\u00bb global_colors_info=\u00a0\u00bb{}\u00a0\u00bb theme_builder_area=\u00a0\u00bbpost_content\u00a0\u00bb][et_pb_column type=\u00a0\u00bb1_2&Prime; _builder_version=\u00a0\u00bb4.17.3&Prime; _module_preset=\u00a0\u00bbdefault\u00a0\u00bb custom_padding_tablet=\u00a0\u00bb80px||||false|false\u00a0\u00bb custom_padding_phone=\u00a0\u00bb0px||||false|false\u00a0\u00bb custom_padding_last_edited=\u00a0\u00bboff|desktop\u00a0\u00bb border_color_all=\u00a0\u00bb#d3d3d3&Prime; border_width_right=\u00a0\u00bb1px\u00a0\u00bb global_colors_info=\u00a0\u00bb{}\u00a0\u00bb theme_builder_area=\u00a0\u00bbpost_content\u00a0\u00bb][et_pb_text _builder_version=\u00a0\u00bb4.27.6&Prime; _module_preset=\u00a0\u00bbb327cbe4-b1d5-4b66-ad37-40c8f2f061ba\u00a0\u00bb header_2_font=\u00a0\u00bbInter|700|||||||\u00a0\u00bb header_2_text_color=\u00a0\u00bb#000000&Prime; header_2_font_size=\u00a0\u00bb48px\u00a0\u00bb header_2_line_height=\u00a0\u00bb1.2em\u00a0\u00bb custom_margin=\u00a0\u00bb||0px||false|false\u00a0\u00bb hover_enabled=\u00a0\u00bb0&Prime; header_2_font_size_tablet=\u00a0\u00bb32px\u00a0\u00bb header_2_font_size_phone=\u00a0\u00bb20px\u00a0\u00bb header_2_font_size_last_edited=\u00a0\u00bbon|desktop\u00a0\u00bb global_colors_info=\u00a0\u00bb{}\u00a0\u00bb theme_builder_area=\u00a0\u00bbpost_content\u00a0\u00bb sticky_enabled=\u00a0\u00bb0&Prime;]<\/p>\n<h2>Mykimy<\/h2>\n<p>[\/et_pb_text][et_pb_text _builder_version=\u00a0\u00bb4.27.6&Prime; _module_preset=\u00a0\u00bb1f09816e-184e-4ce5-a4cf-b39c52c423ca\u00a0\u00bb text_font=\u00a0\u00bbOpen Sans||||||||\u00a0\u00bb text_text_color=\u00a0\u00bb#000000&Prime; text_font_size=\u00a0\u00bb16px\u00a0\u00bb text_line_height=\u00a0\u00bb1.8em\u00a0\u00bb hover_enabled=\u00a0\u00bb0&Prime; text_font_size_tablet=\u00a0\u00bb15px\u00a0\u00bb text_font_size_phone=\u00a0\u00bb14px\u00a0\u00bb text_font_size_last_edited=\u00a0\u00bbon|phone\u00a0\u00bb header_font_size_tablet=\u00a0\u00bb55px\u00a0\u00bb header_font_size_last_edited=\u00a0\u00bboff|desktop\u00a0\u00bb global_colors_info=\u00a0\u00bb{}\u00a0\u00bb theme_builder_area=\u00a0\u00bbpost_content\u00a0\u00bb sticky_enabled=\u00a0\u00bb0&Prime;]<\/p>\n<p>Claude Cormier aka MykiMy est danseur, chor\u00e9graphe et professeur de danse depuis plus de 15 ans.<br \/>Artiste polyvalent, il transmet sa passion \u00e0 travers diff\u00e9rents styles m\u00ealant technique, \u00e9nergie et expression sc\u00e9nique.<\/p>\n<p>Form\u00e9 \u00e0 plusieurs univers, il enseigne notamment le street jazz, les heels, le dancehall, le girly et des influences afro-contemporaines.<br \/>Sa p\u00e9dagogie repose sur la bienveillance, la confiance en soi et le plaisir de danser, avec une approche accessible aussi bien aux d\u00e9butants qu\u2019aux danseurs confirm\u00e9s.<\/p>\n<p>Finaliste de La France a un Incroyable Talent, il d\u00e9veloppe \u00e9galement des projets sc\u00e9niques en tant que chor\u00e9graphe et directeur artistique de la compagnie Nassuco<\/p>\n<p>Cours:<\/p>\n<ul>\n<li>D\u00e9butant: Le mardi de 20h \u00e0 21h<\/li>\n<li>Interm\u00e9diaire: Le mardi de 21h \u00e0 22h<\/li>\n<\/ul>\n<p>[\/et_pb_text][\/et_pb_column][et_pb_column type=\u00a0\u00bb1_2&Prime; _builder_version=\u00a0\u00bb4.17.3&Prime; _module_preset=\u00a0\u00bbdefault\u00a0\u00bb global_colors_info=\u00a0\u00bb{}\u00a0\u00bb theme_builder_area=\u00a0\u00bbpost_content\u00a0\u00bb][et_pb_image src=\u00a0\u00bbhttps:\/\/latinstudio.fr\/wp-content\/uploads\/2026\/04\/ChatGPT-Image-12-avr.-2026-a-10_49_45.png\u00a0\u00bb title_text=\u00a0\u00bbMykimy(2)\u00a0\u00bb _builder_version=\u00a0\u00bb4.27.6&Prime; _module_preset=\u00a0\u00bbdefault\u00a0\u00bb positioning=\u00a0\u00bbabsolute\u00a0\u00bb width=\u00a0\u00bb44%\u00a0\u00bb custom_margin=\u00a0\u00bb20%||||false|false\u00a0\u00bb hover_enabled=\u00a0\u00bb0&Prime; global_colors_info=\u00a0\u00bb{}\u00a0\u00bb theme_builder_area=\u00a0\u00bbpost_content\u00a0\u00bb sticky_enabled=\u00a0\u00bb0&Prime;][\/et_pb_image][\/et_pb_column][\/et_pb_row][\/et_pb_section]<\/p>\n","protected":false},"excerpt":{"rendered":"<p>MykimyClaude Cormier aka MykiMy est danseur, chor\u00e9graphe et professeur de danse depuis plus de 15 ans.Artiste polyvalent, il transmet sa passion \u00e0 travers diff\u00e9rents styles m\u00ealant technique, \u00e9nergie et expression sc\u00e9nique. Form\u00e9 \u00e0 plusieurs univers, il enseigne notamment le street jazz, les heels, le dancehall, le girly et des influences afro-contemporaines.Sa p\u00e9dagogie repose sur la [&hellip;]<\/p>\n","protected":false},"author":1,"featured_media":0,"parent":22,"menu_order":0,"comment_status":"closed","ping_status":"closed","template":"","meta":{"_et_pb_use_builder":"on","_et_pb_old_content":"","_et_gb_content_width":"","footnotes":""},"class_list":["post-1277","page","type-page","status-publish","hentry"],"_links":{"self":[{"href":"https:\/\/latinstudio.fr\/index.php\/wp-json\/wp\/v2\/pages\/1277","targetHints":{"allow":["GET"]}}],"collection":[{"href":"https:\/\/latinstudio.fr\/index.php\/wp-json\/wp\/v2\/pages"}],"about":[{"href":"https:\/\/latinstudio.fr\/index.php\/wp-json\/wp\/v2\/types\/page"}],"author":[{"embeddable":true,"href":"https:\/\/latinstudio.fr\/index.php\/wp-json\/wp\/v2\/users\/1"}],"replies":[{"embeddable":true,"href":"https:\/\/latinstudio.fr\/index.php\/wp-json\/wp\/v2\/comments?post=1277"}],"version-history":[{"count":5,"href":"https:\/\/latinstudio.fr\/index.php\/wp-json\/wp\/v2\/pages\/1277\/revisions"}],"predecessor-version":[{"id":1285,"href":"https:\/\/latinstudio.fr\/index.php\/wp-json\/wp\/v2\/pages\/1277\/revisions\/1285"}],"up":[{"embeddable":true,"href":"https:\/\/latinstudio.fr\/index.php\/wp-json\/wp\/v2\/pages\/22"}],"wp:attachment":[{"href":"https:\/\/latinstudio.fr\/index.php\/wp-json\/wp\/v2\/media?parent=1277"}],"curies":[{"name":"wp","href":"https:\/\/api.w.org\/{rel}","templated":true}]}}