{"id":1087,"date":"2026-01-06T13:56:25","date_gmt":"2026-01-06T12:56:25","guid":{"rendered":"https:\/\/latinstudio.yotipi.fr\/?page_id=1087"},"modified":"2026-02-17T21:36:12","modified_gmt":"2026-02-17T20:36:12","slug":"queen-vibes","status":"publish","type":"page","link":"https:\/\/latinstudio.fr\/index.php\/notre-ecole\/les-disciplines\/queen-vibes\/","title":{"rendered":"Queen Vibes"},"content":{"rendered":"<p>[et_pb_section fb_built=\u00a0\u00bb1&Prime; _builder_version=\u00a0\u00bb4.27.5&Prime; _module_preset=\u00a0\u00bbdefault\u00a0\u00bb global_colors_info=\u00a0\u00bb{}\u00a0\u00bb][et_pb_row _builder_version=\u00a0\u00bb4.27.5&Prime; _module_preset=\u00a0\u00bbdefault\u00a0\u00bb global_colors_info=\u00a0\u00bb{}\u00a0\u00bb][et_pb_column type=\u00a0\u00bb4_4&Prime; _builder_version=\u00a0\u00bb4.27.5&Prime; _module_preset=\u00a0\u00bbdefault\u00a0\u00bb global_colors_info=\u00a0\u00bb{}\u00a0\u00bb][et_pb_text _builder_version=\u00a0\u00bb4.27.5&Prime; _module_preset=\u00a0\u00bbdefault\u00a0\u00bb hover_enabled=\u00a0\u00bb0&Prime; global_colors_info=\u00a0\u00bb{}\u00a0\u00bb sticky_enabled=\u00a0\u00bb0&Prime;]<\/p>\n<p style=\"text-align: center;\"><strong>Queen Vibes<br \/><a href=\"https:\/\/latinstudio.yotipi.fr\/index.php\/notre-ecole\/lequipe\/leslie\/\">Avec Leslie<\/a><br \/><\/strong><\/p>\n<p><strong><\/strong><\/p>\n<p>Le concept de Queen Vibes est de proposer des cours de danse commercial (plusieurs influences comme la dancehall, le street jazz\u2026) m\u00e9langeant des chor\u00e9graphies tant en basket qu\u2019en talon (non obligatoire). C\u2019est une vibe girly unique qui permet de s\u2019\u00e9panouir dans un espace bienveillant.<\/p>\n<p>Cours:<\/p>\n<ul>\n<li>D\u00e9butant: Le jeudi de 19h \u00e0 20h<\/li>\n<li>Interm\u00e9diaire: Le jeudi de 20h \u00e0 21h<\/li>\n<li>Avanc\u00e9: le jeudi de 21h \u00e0 22h &#8211; <span>Voir le\u00a0<\/span><a href=\"https:\/\/latinstudio.yotipi.fr\/index.php\/planning\/\" data-type=\"URL\" data-id=\"https:\/\/www.latinstudio.fr\/planning-des-cours\/\">planning<\/a><\/li>\n<\/ul>\n<p>[\/et_pb_text][\/et_pb_column][\/et_pb_row][\/et_pb_section]<\/p>\n","protected":false},"excerpt":{"rendered":"<p>Queen VibesAvec Leslie Le concept de Queen Vibes est de proposer des cours de danse commercial (plusieurs influences comme la dancehall, le street jazz\u2026) m\u00e9langeant des chor\u00e9graphies tant en basket qu\u2019en talon (non obligatoire). C\u2019est une vibe girly unique qui permet de s\u2019\u00e9panouir dans un espace bienveillant. Cours: D\u00e9butant: Le jeudi de 19h \u00e0 20h [&hellip;]<\/p>\n","protected":false},"author":1,"featured_media":0,"parent":24,"menu_order":0,"comment_status":"closed","ping_status":"closed","template":"","meta":{"_et_pb_use_builder":"on","_et_pb_old_content":"","_et_gb_content_width":"","footnotes":""},"class_list":["post-1087","page","type-page","status-publish","hentry"],"_links":{"self":[{"href":"https:\/\/latinstudio.fr\/index.php\/wp-json\/wp\/v2\/pages\/1087","targetHints":{"allow":["GET"]}}],"collection":[{"href":"https:\/\/latinstudio.fr\/index.php\/wp-json\/wp\/v2\/pages"}],"about":[{"href":"https:\/\/latinstudio.fr\/index.php\/wp-json\/wp\/v2\/types\/page"}],"author":[{"embeddable":true,"href":"https:\/\/latinstudio.fr\/index.php\/wp-json\/wp\/v2\/users\/1"}],"replies":[{"embeddable":true,"href":"https:\/\/latinstudio.fr\/index.php\/wp-json\/wp\/v2\/comments?post=1087"}],"version-history":[{"count":5,"href":"https:\/\/latinstudio.fr\/index.php\/wp-json\/wp\/v2\/pages\/1087\/revisions"}],"predecessor-version":[{"id":1219,"href":"https:\/\/latinstudio.fr\/index.php\/wp-json\/wp\/v2\/pages\/1087\/revisions\/1219"}],"up":[{"embeddable":true,"href":"https:\/\/latinstudio.fr\/index.php\/wp-json\/wp\/v2\/pages\/24"}],"wp:attachment":[{"href":"https:\/\/latinstudio.fr\/index.php\/wp-json\/wp\/v2\/media?parent=1087"}],"curies":[{"name":"wp","href":"https:\/\/api.w.org\/{rel}","templated":true}]}}